{"id":35474,"date":"2024-12-04T12:18:44","date_gmt":"2024-12-04T10:18:44","guid":{"rendered":"https:\/\/themarkaz.org\/oldsite\/?post_type=product&#038;p=35474"},"modified":"2024-12-17T11:23:05","modified_gmt":"2024-12-17T09:23:05","slug":"tmr-46-animals","status":"publish","type":"product","link":"https:\/\/themarkaz.org\/oldsite\/product\/tmr-46-animals\/","title":{"rendered":"TMR 46 \u2022 ANIMALS"},"content":{"rendered":"<p><img decoding=\"async\" class=\"size-large wp-image-35476 alignleft\" src=\"https:\/\/themarkaz.org\/oldsite\/wp-content\/uploads\/2024\/12\/TMR-46-\u2022-ANIMALS-663x1024.jpg\" alt=\"\" width=\"663\" height=\"1024\" srcset=\"https:\/\/themarkaz.org\/oldsite\/wp-content\/uploads\/2024\/12\/TMR-46-\u2022-ANIMALS-663x1024.jpg 663w, https:\/\/themarkaz.org\/oldsite\/wp-content\/uploads\/2024\/12\/TMR-46-\u2022-ANIMALS-194x300.jpg 194w, https:\/\/themarkaz.org\/oldsite\/wp-content\/uploads\/2024\/12\/TMR-46-\u2022-ANIMALS-768x1186.jpg 768w, https:\/\/themarkaz.org\/oldsite\/wp-content\/uploads\/2024\/12\/TMR-46-\u2022-ANIMALS-994x1536.jpg 994w, https:\/\/themarkaz.org\/oldsite\/wp-content\/uploads\/2024\/12\/TMR-46-\u2022-ANIMALS-600x927.jpg 600w, https:\/\/themarkaz.org\/oldsite\/wp-content\/uploads\/2024\/12\/TMR-46-\u2022-ANIMALS.jpg 1243w\" sizes=\"(max-width: 663px) 100vw, 663px\" \/><\/p>\n<p>&nbsp;<\/p>\n<p>&nbsp;<\/p>\n<p class=\"p1\">Editorial: Animal Truths &#8211; TMR<\/p>\n<p class=\"p1\">&#8220;Habib&#8221; &#8211; a story by Ghassan Ghassan<\/p>\n<p class=\"p1\">Lin May Saeed &#8211; Arie Amaya-Akkermans<\/p>\n<p class=\"p1\">Beyond Our Gaze: Rethinking Animals in Contemporary Art &#8211; Naima Morelli<\/p>\n<p class=\"p1\">&#8220;The Man Who Loves Ducks&#8221; from Freedom, Only Freedom &#8211; Behrouz Boochani<\/p>\n<p class=\"p1\">&#8220;The Ballad of Lulu and Amina&#8221;\u2014from Jerusalem to Gaza &#8211; Izzeldin Bukhari<\/p>\n<p class=\"p1\">Artists &amp; Animals: Adham Faramawy, Tarlan Lotfizadeh, Ouma &amp; Mohammad Shaqdih -Jelena Sofronijevic on Adham Faramawy<\/p>\n<p class=\"p1\">&#8220;Gazelles Leaping&#8221; &#8211; Shadab Zeest Hashmi<\/p>\n<p class=\"p1\">&#8220;A Market for Titles&#8221; &#8211; Laila al-Othman<\/p>\n<p class=\"p1\">The Felines that Leave Us, and the Humans that Left &#8211; Farnaz Haeri<\/p>\n<p class=\"p1\">Pigeon Love &#8211; Yahia Lababidi<\/p>\n<p class=\"p1\">The Palestinian Gazelle &#8211; Manal Mahamid<\/p>\n","protected":false},"excerpt":{"rendered":"<p>TMR Issue 46 \u2013 12 articles \u2013 122 pages<\/p>\n<p>It&#8217;s true, in fact, that stories of animals can sometimes express human truths more viscerally than stories without animals.\u00a0The November 2024 issue of The Markaz Review, themed on animals, deliberately eschews the binary relationship between the proverbial \u201cman and beast.\u201d The artwork, art criticism, prison and family memoirs, travel writing, fiction, essays, and poetry featured here go beyond the politics of the eating, exploitation, and abuse of animals to reach a new level of understanding. We invite you to become inspired by TMR 46 \u2022 ANIMALS.<\/p>\n","protected":false},"featured_media":35477,"template":"","meta":{"_acf_changed":false,"om_disable_all_campaigns":false},"product_brand":[],"product_cat":[3209],"product_tag":[],"class_list":{"0":"post-35474","1":"product","2":"type-product","3":"status-publish","4":"has-post-thumbnail","6":"product_cat-tmr-issues","7":"entry","9":"first","10":"instock","11":"downloadable","12":"virtual","13":"purchasable","14":"product-type-simple"},"acf":[],"yoast_head":"<!-- This site is optimized with the Yoast SEO Premium plugin v25.8 (Yoast SEO v27.3) - https:\/\/yoast.com\/product\/yoast-seo-premium-wordpress\/ -->\n<title>TMR 46 \u2022 ANIMALS - The Markaz Review<\/title>\n<meta name=\"description\" content=\"A year after October 7th, 2023, how has the world changed? Have we been able to move on from the war Israel is waging in Gaza, and the West Bank, or is this a case of plus \u00e7a change plus \u00e7a reste le m\u00eame?\" \/>\n<meta name=\"robots\" content=\"index, follow, max-snippet:-1, max-image-preview:large, max-video-preview:-1\" \/>\n<link rel=\"canonical\" href=\"https:\/\/themarkaz.org\/oldsite\/product\/tmr-46-animals\/\" \/>\n<meta property=\"og:locale\" content=\"en_US\" \/>\n<meta property=\"og:type\" content=\"article\" \/>\n<meta property=\"og:title\" content=\"TMR 46 \u2022 ANIMALS\" \/>\n<meta property=\"og:description\" content=\"A year after October 7th, 2023, how has the world changed? Have we been able to move on from the war Israel is waging in Gaza, and the West Bank, or is this a case of plus \u00e7a change plus \u00e7a reste le m\u00eame?\" \/>\n<meta property=\"og:url\" content=\"https:\/\/themarkaz.org\/oldsite\/product\/tmr-46-animals\/\" \/>\n<meta property=\"og:site_name\" content=\"The Markaz Review\" \/>\n<meta property=\"article:modified_time\" content=\"2024-12-17T09:23:05+00:00\" \/>\n<meta property=\"og:image\" content=\"https:\/\/themarkaz.org\/oldsite\/wp-content\/uploads\/2024\/12\/TMR-41-FORGETTING-2.jpg\" \/>\n\t<meta property=\"og:image:width\" content=\"1080\" \/>\n\t<meta property=\"og:image:height\" content=\"1080\" \/>\n\t<meta property=\"og:image:type\" content=\"image\/jpeg\" \/>\n<meta name=\"twitter:card\" content=\"summary_large_image\" \/>\n<meta name=\"twitter:label1\" content=\"Est. reading time\" \/>\n\t<meta name=\"twitter:data1\" content=\"1 minute\" \/>\n\t<meta name=\"twitter:label2\" content=\"Written by\" \/>\n\t<meta name=\"twitter:data2\" content=\"Jordan Elgrably\" \/>\n<script type=\"application\/ld+json\" class=\"yoast-schema-graph\">{\"@context\":\"https:\\\/\\\/schema.org\",\"@graph\":[{\"@type\":\"WebPage\",\"@id\":\"https:\\\/\\\/themarkaz.org\\\/oldsite\\\/product\\\/tmr-46-animals\\\/\",\"url\":\"https:\\\/\\\/themarkaz.org\\\/oldsite\\\/product\\\/tmr-46-animals\\\/\",\"name\":\"TMR 46 \u2022 ANIMALS - The Markaz Review\",\"isPartOf\":{\"@id\":\"https:\\\/\\\/themarkaz.org\\\/oldsite\\\/#website\"},\"primaryImageOfPage\":{\"@id\":\"https:\\\/\\\/themarkaz.org\\\/oldsite\\\/product\\\/tmr-46-animals\\\/#primaryimage\"},\"image\":{\"@id\":\"https:\\\/\\\/themarkaz.org\\\/oldsite\\\/product\\\/tmr-46-animals\\\/#primaryimage\"},\"thumbnailUrl\":\"https:\\\/\\\/themarkaz.org\\\/oldsite\\\/wp-content\\\/uploads\\\/2024\\\/12\\\/TMR-41-FORGETTING-2.jpg\",\"datePublished\":\"2024-12-04T10:18:44+00:00\",\"dateModified\":\"2024-12-17T09:23:05+00:00\",\"description\":\"A year after October 7th, 2023, how has the world changed? Have we been able to move on from the war Israel is waging in Gaza, and the West Bank, or is this a case of plus \u00e7a change plus \u00e7a reste le m\u00eame?\",\"breadcrumb\":{\"@id\":\"https:\\\/\\\/themarkaz.org\\\/oldsite\\\/product\\\/tmr-46-animals\\\/#breadcrumb\"},\"inLanguage\":\"en-US\",\"potentialAction\":[{\"@type\":\"ReadAction\",\"target\":[\"https:\\\/\\\/themarkaz.org\\\/oldsite\\\/product\\\/tmr-46-animals\\\/\"]}]},{\"@type\":\"ImageObject\",\"inLanguage\":\"en-US\",\"@id\":\"https:\\\/\\\/themarkaz.org\\\/oldsite\\\/product\\\/tmr-46-animals\\\/#primaryimage\",\"url\":\"https:\\\/\\\/themarkaz.org\\\/oldsite\\\/wp-content\\\/uploads\\\/2024\\\/12\\\/TMR-41-FORGETTING-2.jpg\",\"contentUrl\":\"https:\\\/\\\/themarkaz.org\\\/oldsite\\\/wp-content\\\/uploads\\\/2024\\\/12\\\/TMR-41-FORGETTING-2.jpg\",\"width\":1080,\"height\":1080},{\"@type\":\"BreadcrumbList\",\"@id\":\"https:\\\/\\\/themarkaz.org\\\/oldsite\\\/product\\\/tmr-46-animals\\\/#breadcrumb\",\"itemListElement\":[{\"@type\":\"ListItem\",\"position\":1,\"name\":\"Home\",\"item\":\"https:\\\/\\\/themarkaz.org\\\/oldsite\\\/\"},{\"@type\":\"ListItem\",\"position\":2,\"name\":\"Store\",\"item\":\"https:\\\/\\\/themarkaz.org\\\/oldsite\\\/store\\\/\"},{\"@type\":\"ListItem\",\"position\":3,\"name\":\"TMR 46 \u2022 ANIMALS\"}]},{\"@type\":\"WebSite\",\"@id\":\"https:\\\/\\\/themarkaz.org\\\/oldsite\\\/#website\",\"url\":\"https:\\\/\\\/themarkaz.org\\\/oldsite\\\/\",\"name\":\"The Markaz Review\",\"description\":\"Literature and Arts from the Center of the World\",\"publisher\":{\"@id\":\"https:\\\/\\\/themarkaz.org\\\/oldsite\\\/#organization\"},\"potentialAction\":[{\"@type\":\"SearchAction\",\"target\":{\"@type\":\"EntryPoint\",\"urlTemplate\":\"https:\\\/\\\/themarkaz.org\\\/oldsite\\\/?s={search_term_string}\"},\"query-input\":{\"@type\":\"PropertyValueSpecification\",\"valueRequired\":true,\"valueName\":\"search_term_string\"}}],\"inLanguage\":\"en-US\"},{\"@type\":\"Organization\",\"@id\":\"https:\\\/\\\/themarkaz.org\\\/oldsite\\\/#organization\",\"name\":\"The Markaz Review\",\"url\":\"https:\\\/\\\/themarkaz.org\\\/oldsite\\\/\",\"logo\":{\"@type\":\"ImageObject\",\"inLanguage\":\"en-US\",\"@id\":\"https:\\\/\\\/themarkaz.org\\\/oldsite\\\/#\\\/schema\\\/logo\\\/image\\\/\",\"url\":\"https:\\\/\\\/themarkaz.org\\\/oldsite\\\/wp-content\\\/uploads\\\/2023\\\/08\\\/cropped-New-2023-TMR-Logo-500-pix.jpg\",\"contentUrl\":\"https:\\\/\\\/themarkaz.org\\\/oldsite\\\/wp-content\\\/uploads\\\/2023\\\/08\\\/cropped-New-2023-TMR-Logo-500-pix.jpg\",\"width\":473,\"height\":191,\"caption\":\"The Markaz Review\"},\"image\":{\"@id\":\"https:\\\/\\\/themarkaz.org\\\/oldsite\\\/#\\\/schema\\\/logo\\\/image\\\/\"}}]}<\/script>\n<!-- \/ Yoast SEO Premium plugin. -->","yoast_head_json":{"title":"TMR 46 \u2022 ANIMALS - The Markaz Review","description":"A year after October 7th, 2023, how has the world changed? Have we been able to move on from the war Israel is waging in Gaza, and the West Bank, or is this a case of plus \u00e7a change plus \u00e7a reste le m\u00eame?","robots":{"index":"index","follow":"follow","max-snippet":"max-snippet:-1","max-image-preview":"max-image-preview:large","max-video-preview":"max-video-preview:-1"},"canonical":"https:\/\/themarkaz.org\/oldsite\/product\/tmr-46-animals\/","og_locale":"en_US","og_type":"article","og_title":"TMR 46 \u2022 ANIMALS","og_description":"A year after October 7th, 2023, how has the world changed? Have we been able to move on from the war Israel is waging in Gaza, and the West Bank, or is this a case of plus \u00e7a change plus \u00e7a reste le m\u00eame?","og_url":"https:\/\/themarkaz.org\/oldsite\/product\/tmr-46-animals\/","og_site_name":"The Markaz Review","article_modified_time":"2024-12-17T09:23:05+00:00","og_image":[{"width":1080,"height":1080,"url":"https:\/\/themarkaz.org\/oldsite\/wp-content\/uploads\/2024\/12\/TMR-41-FORGETTING-2.jpg","type":"image\/jpeg"}],"twitter_card":"summary_large_image","twitter_misc":{"Est. reading time":"1 minute","Written by":"Jordan Elgrably"},"schema":{"@context":"https:\/\/schema.org","@graph":[{"@type":"WebPage","@id":"https:\/\/themarkaz.org\/oldsite\/product\/tmr-46-animals\/","url":"https:\/\/themarkaz.org\/oldsite\/product\/tmr-46-animals\/","name":"TMR 46 \u2022 ANIMALS - The Markaz Review","isPartOf":{"@id":"https:\/\/themarkaz.org\/oldsite\/#website"},"primaryImageOfPage":{"@id":"https:\/\/themarkaz.org\/oldsite\/product\/tmr-46-animals\/#primaryimage"},"image":{"@id":"https:\/\/themarkaz.org\/oldsite\/product\/tmr-46-animals\/#primaryimage"},"thumbnailUrl":"https:\/\/themarkaz.org\/oldsite\/wp-content\/uploads\/2024\/12\/TMR-41-FORGETTING-2.jpg","datePublished":"2024-12-04T10:18:44+00:00","dateModified":"2024-12-17T09:23:05+00:00","description":"A year after October 7th, 2023, how has the world changed? Have we been able to move on from the war Israel is waging in Gaza, and the West Bank, or is this a case of plus \u00e7a change plus \u00e7a reste le m\u00eame?","breadcrumb":{"@id":"https:\/\/themarkaz.org\/oldsite\/product\/tmr-46-animals\/#breadcrumb"},"inLanguage":"en-US","potentialAction":[{"@type":"ReadAction","target":["https:\/\/themarkaz.org\/oldsite\/product\/tmr-46-animals\/"]}]},{"@type":"ImageObject","inLanguage":"en-US","@id":"https:\/\/themarkaz.org\/oldsite\/product\/tmr-46-animals\/#primaryimage","url":"https:\/\/themarkaz.org\/oldsite\/wp-content\/uploads\/2024\/12\/TMR-41-FORGETTING-2.jpg","contentUrl":"https:\/\/themarkaz.org\/oldsite\/wp-content\/uploads\/2024\/12\/TMR-41-FORGETTING-2.jpg","width":1080,"height":1080},{"@type":"BreadcrumbList","@id":"https:\/\/themarkaz.org\/oldsite\/product\/tmr-46-animals\/#breadcrumb","itemListElement":[{"@type":"ListItem","position":1,"name":"Home","item":"https:\/\/themarkaz.org\/oldsite\/"},{"@type":"ListItem","position":2,"name":"Store","item":"https:\/\/themarkaz.org\/oldsite\/store\/"},{"@type":"ListItem","position":3,"name":"TMR 46 \u2022 ANIMALS"}]},{"@type":"WebSite","@id":"https:\/\/themarkaz.org\/oldsite\/#website","url":"https:\/\/themarkaz.org\/oldsite\/","name":"The Markaz Review","description":"Literature and Arts from the Center of the World","publisher":{"@id":"https:\/\/themarkaz.org\/oldsite\/#organization"},"potentialAction":[{"@type":"SearchAction","target":{"@type":"EntryPoint","urlTemplate":"https:\/\/themarkaz.org\/oldsite\/?s={search_term_string}"},"query-input":{"@type":"PropertyValueSpecification","valueRequired":true,"valueName":"search_term_string"}}],"inLanguage":"en-US"},{"@type":"Organization","@id":"https:\/\/themarkaz.org\/oldsite\/#organization","name":"The Markaz Review","url":"https:\/\/themarkaz.org\/oldsite\/","logo":{"@type":"ImageObject","inLanguage":"en-US","@id":"https:\/\/themarkaz.org\/oldsite\/#\/schema\/logo\/image\/","url":"https:\/\/themarkaz.org\/oldsite\/wp-content\/uploads\/2023\/08\/cropped-New-2023-TMR-Logo-500-pix.jpg","contentUrl":"https:\/\/themarkaz.org\/oldsite\/wp-content\/uploads\/2023\/08\/cropped-New-2023-TMR-Logo-500-pix.jpg","width":473,"height":191,"caption":"The Markaz Review"},"image":{"@id":"https:\/\/themarkaz.org\/oldsite\/#\/schema\/logo\/image\/"}}]}},"_links":{"self":[{"href":"https:\/\/themarkaz.org\/oldsite\/wp-json\/wp\/v2\/product\/35474","targetHints":{"allow":["GET"]}}],"collection":[{"href":"https:\/\/themarkaz.org\/oldsite\/wp-json\/wp\/v2\/product"}],"about":[{"href":"https:\/\/themarkaz.org\/oldsite\/wp-json\/wp\/v2\/types\/product"}],"wp:featuredmedia":[{"embeddable":true,"href":"https:\/\/themarkaz.org\/oldsite\/wp-json\/wp\/v2\/media\/35477"}],"wp:attachment":[{"href":"https:\/\/themarkaz.org\/oldsite\/wp-json\/wp\/v2\/media?parent=35474"}],"wp:term":[{"taxonomy":"product_brand","embeddable":true,"href":"https:\/\/themarkaz.org\/oldsite\/wp-json\/wp\/v2\/product_brand?post=35474"},{"taxonomy":"product_cat","embeddable":true,"href":"https:\/\/themarkaz.org\/oldsite\/wp-json\/wp\/v2\/product_cat?post=35474"},{"taxonomy":"product_tag","embeddable":true,"href":"https:\/\/themarkaz.org\/oldsite\/wp-json\/wp\/v2\/product_tag?post=35474"}],"curies":[{"name":"wp","href":"https:\/\/api.w.org\/{rel}","templated":true}]}}