{"id":34742,"date":"2024-11-08T12:45:17","date_gmt":"2024-11-08T10:45:17","guid":{"rendered":"https:\/\/themarkaz.org\/oldsite\/?post_type=product&#038;p=34742"},"modified":"2024-11-08T12:45:18","modified_gmt":"2024-11-08T10:45:18","slug":"tmr-45-from-here-one-year-on","status":"publish","type":"product","link":"https:\/\/themarkaz.org\/oldsite\/product\/tmr-45-from-here-one-year-on\/","title":{"rendered":"TMR 45 \u2022 FROM HERE, ONE YEAR ON"},"content":{"rendered":"<p><img decoding=\"async\" class=\"size-large wp-image-34743 alignleft\" src=\"https:\/\/themarkaz.org\/oldsite\/wp-content\/uploads\/2024\/10\/TMR-45-\u2022-FROM-HERE-ONE-YEAR-ON-Archives-The-Markaz-Review-themarkaz.org_-650x1024.jpg\" alt=\"\" width=\"650\" height=\"1024\" srcset=\"https:\/\/themarkaz.org\/oldsite\/wp-content\/uploads\/2024\/10\/TMR-45-\u2022-FROM-HERE-ONE-YEAR-ON-Archives-The-Markaz-Review-themarkaz.org_-650x1024.jpg 650w, https:\/\/themarkaz.org\/oldsite\/wp-content\/uploads\/2024\/10\/TMR-45-\u2022-FROM-HERE-ONE-YEAR-ON-Archives-The-Markaz-Review-themarkaz.org_-190x300.jpg 190w, https:\/\/themarkaz.org\/oldsite\/wp-content\/uploads\/2024\/10\/TMR-45-\u2022-FROM-HERE-ONE-YEAR-ON-Archives-The-Markaz-Review-themarkaz.org_-768x1210.jpg 768w, https:\/\/themarkaz.org\/oldsite\/wp-content\/uploads\/2024\/10\/TMR-45-\u2022-FROM-HERE-ONE-YEAR-ON-Archives-The-Markaz-Review-themarkaz.org_-975x1536.jpg 975w, https:\/\/themarkaz.org\/oldsite\/wp-content\/uploads\/2024\/10\/TMR-45-\u2022-FROM-HERE-ONE-YEAR-ON-Archives-The-Markaz-Review-themarkaz.org_-600x945.jpg 600w, https:\/\/themarkaz.org\/oldsite\/wp-content\/uploads\/2024\/10\/TMR-45-\u2022-FROM-HERE-ONE-YEAR-ON-Archives-The-Markaz-Review-themarkaz.org_.jpg 1219w\" sizes=\"(max-width: 650px) 100vw, 650px\" \/><\/p>\n<div class=\"page\" title=\"Page 2\">\n<div class=\"section\">\n<div class=\"layoutArea\">\n<div class=\"column\">\n<p>&nbsp;<\/p>\n<p>A Year of War Without End &#8211; Lina Mounzer<\/p>\n<p>Khaled Jarrar: Artist At Work &#8211; Khaled Jarrar<\/p>\n<p>Witnessing Catastrophe: a Painter in Lebanon &#8211; Ziad Suidan<\/p>\n<p>Visuals and Voices: Palestine Will Not Be a Palimpsest &#8211; Malu Halasa<\/p>\n<p>Censorship and Cancellation Fail to Camouflage the Ugly Truth &#8211; Jordan Elgrably<\/p>\n<p>Shamrocks &amp; Watermelons: Palestine Politics in Belfast &#8211; Stuart Bailie<\/p>\n<p>The Spark of Your Story, Ode to Aaron Bushnell -Samina Najmi<\/p>\n<p>Depictions of Genocide: The Un-Imaginable Visibility of<br \/>\nExtermination &#8211; Viola Shafik<\/p>\n<p>Everything Has Changed, Nothing Has Changed &#8211; Amal Ghandour<\/p>\n<\/div>\n<\/div>\n<div class=\"layoutArea\">\n<div class=\"column\">\n<p>Activism in the Landscape: Environmental Arts &amp; Resistance in Palestine &#8211; Katie Logan<\/p>\n<\/div>\n<\/div>\n<div class=\"layoutArea\">\n<div class=\"column\">\n<p>The Last Millefeuille in Beirut &#8211; MK Harb<\/p>\n<div class=\"page\" title=\"Page 3\">\n<div class=\"section\">\n<div class=\"layoutArea\">\n<div class=\"column\">\n<p>Poems by Nasser Rabah, Amanee Izhaq and Mai Al-Nakib &#8211; Nasser Rabah<\/p>\n<\/div>\n<\/div>\n<\/div>\n<\/div>\n<\/div>\n<\/div>\n<\/div>\n<\/div>\n","protected":false},"excerpt":{"rendered":"<p>TMR Issue 45 \u2013 12 articles \u2013 136 pages<\/p>\n<p>A year after October 7th, 2023, how has the world changed? Have we been able to move on from the\u00a0war Israel is waging in Gaza, and the West Bank, or is this a case of\u00a0<i>plus \u00e7a change plus \u00e7a reste le m\u00eame<\/i>? Because with the further assault on Lebanon, some of us feel we&#8217;re stuck in a time warp, taking us back to many previous assaults, all in the name of Israel&#8217;s &#8220;self-defense.&#8221; But this time, there may be no moving on from genocide. FROM HERE, ONE YEAR ON includes 12 original\u00a0essays, poems and a short story.<\/p>\n","protected":false},"featured_media":34744,"template":"","meta":{"_acf_changed":false,"om_disable_all_campaigns":false},"product_brand":[],"product_cat":[3209],"product_tag":[],"class_list":{"0":"post-34742","1":"product","2":"type-product","3":"status-publish","4":"has-post-thumbnail","6":"product_cat-tmr-issues","7":"entry","9":"first","10":"instock","11":"downloadable","12":"virtual","13":"purchasable","14":"product-type-simple"},"acf":[],"yoast_head":"<!-- This site is optimized with the Yoast SEO Premium plugin v25.8 (Yoast SEO v27.3) - https:\/\/yoast.com\/product\/yoast-seo-premium-wordpress\/ -->\n<title>TMR 45 \u2022 FROM HERE, ONE YEAR ON - The Markaz Review<\/title>\n<meta name=\"description\" content=\"A year after October 7th, 2023, how has the world changed? Have we been able to move on from the war Israel is waging in Gaza, and the West Bank, or is this a case of plus \u00e7a change plus \u00e7a reste le m\u00eame?\" \/>\n<meta name=\"robots\" content=\"index, follow, max-snippet:-1, max-image-preview:large, max-video-preview:-1\" \/>\n<link rel=\"canonical\" href=\"https:\/\/themarkaz.org\/oldsite\/product\/tmr-45-from-here-one-year-on\/\" \/>\n<meta property=\"og:locale\" content=\"en_US\" \/>\n<meta property=\"og:type\" content=\"article\" \/>\n<meta property=\"og:title\" content=\"TMR 45 \u2022 FROM HERE, ONE YEAR ON\" \/>\n<meta property=\"og:description\" content=\"A year after October 7th, 2023, how has the world changed? Have we been able to move on from the war Israel is waging in Gaza, and the West Bank, or is this a case of plus \u00e7a change plus \u00e7a reste le m\u00eame?\" \/>\n<meta property=\"og:url\" content=\"https:\/\/themarkaz.org\/oldsite\/product\/tmr-45-from-here-one-year-on\/\" \/>\n<meta property=\"og:site_name\" content=\"The Markaz Review\" \/>\n<meta property=\"article:modified_time\" content=\"2024-11-08T10:45:18+00:00\" \/>\n<meta property=\"og:image\" content=\"https:\/\/themarkaz.org\/oldsite\/wp-content\/uploads\/2024\/10\/TMR-41-FORGETTING-1.jpg\" \/>\n\t<meta property=\"og:image:width\" content=\"1080\" \/>\n\t<meta property=\"og:image:height\" content=\"1080\" \/>\n\t<meta property=\"og:image:type\" content=\"image\/jpeg\" \/>\n<meta name=\"twitter:card\" content=\"summary_large_image\" \/>\n<meta name=\"twitter:label1\" content=\"Est. reading time\" \/>\n\t<meta name=\"twitter:data1\" content=\"1 minute\" \/>\n\t<meta name=\"twitter:label2\" content=\"Written by\" \/>\n\t<meta name=\"twitter:data2\" content=\"Jordan Elgrably\" \/>\n<script type=\"application\/ld+json\" class=\"yoast-schema-graph\">{\"@context\":\"https:\\\/\\\/schema.org\",\"@graph\":[{\"@type\":\"WebPage\",\"@id\":\"https:\\\/\\\/themarkaz.org\\\/oldsite\\\/product\\\/tmr-45-from-here-one-year-on\\\/\",\"url\":\"https:\\\/\\\/themarkaz.org\\\/oldsite\\\/product\\\/tmr-45-from-here-one-year-on\\\/\",\"name\":\"TMR 45 \u2022 FROM HERE, ONE YEAR ON - The Markaz Review\",\"isPartOf\":{\"@id\":\"https:\\\/\\\/themarkaz.org\\\/oldsite\\\/#website\"},\"primaryImageOfPage\":{\"@id\":\"https:\\\/\\\/themarkaz.org\\\/oldsite\\\/product\\\/tmr-45-from-here-one-year-on\\\/#primaryimage\"},\"image\":{\"@id\":\"https:\\\/\\\/themarkaz.org\\\/oldsite\\\/product\\\/tmr-45-from-here-one-year-on\\\/#primaryimage\"},\"thumbnailUrl\":\"https:\\\/\\\/themarkaz.org\\\/oldsite\\\/wp-content\\\/uploads\\\/2024\\\/10\\\/TMR-41-FORGETTING-1.jpg\",\"datePublished\":\"2024-11-08T10:45:17+00:00\",\"dateModified\":\"2024-11-08T10:45:18+00:00\",\"description\":\"A year after October 7th, 2023, how has the world changed? Have we been able to move on from the war Israel is waging in Gaza, and the West Bank, or is this a case of plus \u00e7a change plus \u00e7a reste le m\u00eame?\",\"breadcrumb\":{\"@id\":\"https:\\\/\\\/themarkaz.org\\\/oldsite\\\/product\\\/tmr-45-from-here-one-year-on\\\/#breadcrumb\"},\"inLanguage\":\"en-US\",\"potentialAction\":[{\"@type\":\"ReadAction\",\"target\":[\"https:\\\/\\\/themarkaz.org\\\/oldsite\\\/product\\\/tmr-45-from-here-one-year-on\\\/\"]}]},{\"@type\":\"ImageObject\",\"inLanguage\":\"en-US\",\"@id\":\"https:\\\/\\\/themarkaz.org\\\/oldsite\\\/product\\\/tmr-45-from-here-one-year-on\\\/#primaryimage\",\"url\":\"https:\\\/\\\/themarkaz.org\\\/oldsite\\\/wp-content\\\/uploads\\\/2024\\\/10\\\/TMR-41-FORGETTING-1.jpg\",\"contentUrl\":\"https:\\\/\\\/themarkaz.org\\\/oldsite\\\/wp-content\\\/uploads\\\/2024\\\/10\\\/TMR-41-FORGETTING-1.jpg\",\"width\":1080,\"height\":1080},{\"@type\":\"BreadcrumbList\",\"@id\":\"https:\\\/\\\/themarkaz.org\\\/oldsite\\\/product\\\/tmr-45-from-here-one-year-on\\\/#breadcrumb\",\"itemListElement\":[{\"@type\":\"ListItem\",\"position\":1,\"name\":\"Home\",\"item\":\"https:\\\/\\\/themarkaz.org\\\/oldsite\\\/\"},{\"@type\":\"ListItem\",\"position\":2,\"name\":\"Store\",\"item\":\"https:\\\/\\\/themarkaz.org\\\/oldsite\\\/store\\\/\"},{\"@type\":\"ListItem\",\"position\":3,\"name\":\"TMR 45 \u2022 FROM HERE, ONE YEAR ON\"}]},{\"@type\":\"WebSite\",\"@id\":\"https:\\\/\\\/themarkaz.org\\\/oldsite\\\/#website\",\"url\":\"https:\\\/\\\/themarkaz.org\\\/oldsite\\\/\",\"name\":\"The Markaz Review\",\"description\":\"Literature and Arts from the Center of the World\",\"publisher\":{\"@id\":\"https:\\\/\\\/themarkaz.org\\\/oldsite\\\/#organization\"},\"potentialAction\":[{\"@type\":\"SearchAction\",\"target\":{\"@type\":\"EntryPoint\",\"urlTemplate\":\"https:\\\/\\\/themarkaz.org\\\/oldsite\\\/?s={search_term_string}\"},\"query-input\":{\"@type\":\"PropertyValueSpecification\",\"valueRequired\":true,\"valueName\":\"search_term_string\"}}],\"inLanguage\":\"en-US\"},{\"@type\":\"Organization\",\"@id\":\"https:\\\/\\\/themarkaz.org\\\/oldsite\\\/#organization\",\"name\":\"The Markaz Review\",\"url\":\"https:\\\/\\\/themarkaz.org\\\/oldsite\\\/\",\"logo\":{\"@type\":\"ImageObject\",\"inLanguage\":\"en-US\",\"@id\":\"https:\\\/\\\/themarkaz.org\\\/oldsite\\\/#\\\/schema\\\/logo\\\/image\\\/\",\"url\":\"https:\\\/\\\/themarkaz.org\\\/oldsite\\\/wp-content\\\/uploads\\\/2023\\\/08\\\/cropped-New-2023-TMR-Logo-500-pix.jpg\",\"contentUrl\":\"https:\\\/\\\/themarkaz.org\\\/oldsite\\\/wp-content\\\/uploads\\\/2023\\\/08\\\/cropped-New-2023-TMR-Logo-500-pix.jpg\",\"width\":473,\"height\":191,\"caption\":\"The Markaz Review\"},\"image\":{\"@id\":\"https:\\\/\\\/themarkaz.org\\\/oldsite\\\/#\\\/schema\\\/logo\\\/image\\\/\"}}]}<\/script>\n<!-- \/ Yoast SEO Premium plugin. -->","yoast_head_json":{"title":"TMR 45 \u2022 FROM HERE, ONE YEAR ON - The Markaz Review","description":"A year after October 7th, 2023, how has the world changed? Have we been able to move on from the war Israel is waging in Gaza, and the West Bank, or is this a case of plus \u00e7a change plus \u00e7a reste le m\u00eame?","robots":{"index":"index","follow":"follow","max-snippet":"max-snippet:-1","max-image-preview":"max-image-preview:large","max-video-preview":"max-video-preview:-1"},"canonical":"https:\/\/themarkaz.org\/oldsite\/product\/tmr-45-from-here-one-year-on\/","og_locale":"en_US","og_type":"article","og_title":"TMR 45 \u2022 FROM HERE, ONE YEAR ON","og_description":"A year after October 7th, 2023, how has the world changed? Have we been able to move on from the war Israel is waging in Gaza, and the West Bank, or is this a case of plus \u00e7a change plus \u00e7a reste le m\u00eame?","og_url":"https:\/\/themarkaz.org\/oldsite\/product\/tmr-45-from-here-one-year-on\/","og_site_name":"The Markaz Review","article_modified_time":"2024-11-08T10:45:18+00:00","og_image":[{"width":1080,"height":1080,"url":"https:\/\/themarkaz.org\/oldsite\/wp-content\/uploads\/2024\/10\/TMR-41-FORGETTING-1.jpg","type":"image\/jpeg"}],"twitter_card":"summary_large_image","twitter_misc":{"Est. reading time":"1 minute","Written by":"Jordan Elgrably"},"schema":{"@context":"https:\/\/schema.org","@graph":[{"@type":"WebPage","@id":"https:\/\/themarkaz.org\/oldsite\/product\/tmr-45-from-here-one-year-on\/","url":"https:\/\/themarkaz.org\/oldsite\/product\/tmr-45-from-here-one-year-on\/","name":"TMR 45 \u2022 FROM HERE, ONE YEAR ON - The Markaz Review","isPartOf":{"@id":"https:\/\/themarkaz.org\/oldsite\/#website"},"primaryImageOfPage":{"@id":"https:\/\/themarkaz.org\/oldsite\/product\/tmr-45-from-here-one-year-on\/#primaryimage"},"image":{"@id":"https:\/\/themarkaz.org\/oldsite\/product\/tmr-45-from-here-one-year-on\/#primaryimage"},"thumbnailUrl":"https:\/\/themarkaz.org\/oldsite\/wp-content\/uploads\/2024\/10\/TMR-41-FORGETTING-1.jpg","datePublished":"2024-11-08T10:45:17+00:00","dateModified":"2024-11-08T10:45:18+00:00","description":"A year after October 7th, 2023, how has the world changed? Have we been able to move on from the war Israel is waging in Gaza, and the West Bank, or is this a case of plus \u00e7a change plus \u00e7a reste le m\u00eame?","breadcrumb":{"@id":"https:\/\/themarkaz.org\/oldsite\/product\/tmr-45-from-here-one-year-on\/#breadcrumb"},"inLanguage":"en-US","potentialAction":[{"@type":"ReadAction","target":["https:\/\/themarkaz.org\/oldsite\/product\/tmr-45-from-here-one-year-on\/"]}]},{"@type":"ImageObject","inLanguage":"en-US","@id":"https:\/\/themarkaz.org\/oldsite\/product\/tmr-45-from-here-one-year-on\/#primaryimage","url":"https:\/\/themarkaz.org\/oldsite\/wp-content\/uploads\/2024\/10\/TMR-41-FORGETTING-1.jpg","contentUrl":"https:\/\/themarkaz.org\/oldsite\/wp-content\/uploads\/2024\/10\/TMR-41-FORGETTING-1.jpg","width":1080,"height":1080},{"@type":"BreadcrumbList","@id":"https:\/\/themarkaz.org\/oldsite\/product\/tmr-45-from-here-one-year-on\/#breadcrumb","itemListElement":[{"@type":"ListItem","position":1,"name":"Home","item":"https:\/\/themarkaz.org\/oldsite\/"},{"@type":"ListItem","position":2,"name":"Store","item":"https:\/\/themarkaz.org\/oldsite\/store\/"},{"@type":"ListItem","position":3,"name":"TMR 45 \u2022 FROM HERE, ONE YEAR ON"}]},{"@type":"WebSite","@id":"https:\/\/themarkaz.org\/oldsite\/#website","url":"https:\/\/themarkaz.org\/oldsite\/","name":"The Markaz Review","description":"Literature and Arts from the Center of the World","publisher":{"@id":"https:\/\/themarkaz.org\/oldsite\/#organization"},"potentialAction":[{"@type":"SearchAction","target":{"@type":"EntryPoint","urlTemplate":"https:\/\/themarkaz.org\/oldsite\/?s={search_term_string}"},"query-input":{"@type":"PropertyValueSpecification","valueRequired":true,"valueName":"search_term_string"}}],"inLanguage":"en-US"},{"@type":"Organization","@id":"https:\/\/themarkaz.org\/oldsite\/#organization","name":"The Markaz Review","url":"https:\/\/themarkaz.org\/oldsite\/","logo":{"@type":"ImageObject","inLanguage":"en-US","@id":"https:\/\/themarkaz.org\/oldsite\/#\/schema\/logo\/image\/","url":"https:\/\/themarkaz.org\/oldsite\/wp-content\/uploads\/2023\/08\/cropped-New-2023-TMR-Logo-500-pix.jpg","contentUrl":"https:\/\/themarkaz.org\/oldsite\/wp-content\/uploads\/2023\/08\/cropped-New-2023-TMR-Logo-500-pix.jpg","width":473,"height":191,"caption":"The Markaz Review"},"image":{"@id":"https:\/\/themarkaz.org\/oldsite\/#\/schema\/logo\/image\/"}}]}},"_links":{"self":[{"href":"https:\/\/themarkaz.org\/oldsite\/wp-json\/wp\/v2\/product\/34742","targetHints":{"allow":["GET"]}}],"collection":[{"href":"https:\/\/themarkaz.org\/oldsite\/wp-json\/wp\/v2\/product"}],"about":[{"href":"https:\/\/themarkaz.org\/oldsite\/wp-json\/wp\/v2\/types\/product"}],"wp:featuredmedia":[{"embeddable":true,"href":"https:\/\/themarkaz.org\/oldsite\/wp-json\/wp\/v2\/media\/34744"}],"wp:attachment":[{"href":"https:\/\/themarkaz.org\/oldsite\/wp-json\/wp\/v2\/media?parent=34742"}],"wp:term":[{"taxonomy":"product_brand","embeddable":true,"href":"https:\/\/themarkaz.org\/oldsite\/wp-json\/wp\/v2\/product_brand?post=34742"},{"taxonomy":"product_cat","embeddable":true,"href":"https:\/\/themarkaz.org\/oldsite\/wp-json\/wp\/v2\/product_cat?post=34742"},{"taxonomy":"product_tag","embeddable":true,"href":"https:\/\/themarkaz.org\/oldsite\/wp-json\/wp\/v2\/product_tag?post=34742"}],"curies":[{"name":"wp","href":"https:\/\/api.w.org\/{rel}","templated":true}]}}