{"id":33314,"date":"2024-06-03T14:28:32","date_gmt":"2024-06-03T12:28:32","guid":{"rendered":"https:\/\/themarkaz.org\/oldsite\/?post_type=product&#038;p=33314"},"modified":"2024-06-03T14:29:26","modified_gmt":"2024-06-03T12:29:26","slug":"tmr-issue-no41-forgetting","status":"publish","type":"product","link":"https:\/\/themarkaz.org\/oldsite\/product\/tmr-issue-no41-forgetting\/","title":{"rendered":"TMR Issue N\u00ba41 \u2022 FORGETTING"},"content":{"rendered":"<p><img decoding=\"async\" class=\" wp-image-33315 alignleft\" src=\"https:\/\/themarkaz.org\/oldsite\/wp-content\/uploads\/2024\/06\/TMR-41-EN-themarkaz.org_-458x1024.jpg\" alt=\"\" width=\"565\" height=\"1263\" srcset=\"https:\/\/themarkaz.org\/oldsite\/wp-content\/uploads\/2024\/06\/TMR-41-EN-themarkaz.org_-458x1024.jpg 458w, https:\/\/themarkaz.org\/oldsite\/wp-content\/uploads\/2024\/06\/TMR-41-EN-themarkaz.org_-134x300.jpg 134w, https:\/\/themarkaz.org\/oldsite\/wp-content\/uploads\/2024\/06\/TMR-41-EN-themarkaz.org_-768x1717.jpg 768w, https:\/\/themarkaz.org\/oldsite\/wp-content\/uploads\/2024\/06\/TMR-41-EN-themarkaz.org_-687x1536.jpg 687w, https:\/\/themarkaz.org\/oldsite\/wp-content\/uploads\/2024\/06\/TMR-41-EN-themarkaz.org_-600x1341.jpg 600w, https:\/\/themarkaz.org\/oldsite\/wp-content\/uploads\/2024\/06\/TMR-41-EN-themarkaz.org_.jpg 859w\" sizes=\"(max-width: 565px) 100vw, 565px\" \/><\/p>\n<p>&nbsp;<\/p>\n<p class=\"p1\">Why FORGETTING? Malu Halasa, Jordan Elgrably<\/p>\n<p class=\"p1\">Memory Archive: Between Remembering and Forgetting &#8211; Mai Al-Nakib<\/p>\n<p class=\"p1\">Featured Artist Hazem Harb: &#8220;Back to Zero&#8221; &#8211; Malu Halasa<\/p>\n<p class=\"p1\">Regarding the Photographs of Others\u2014An Iraqi Journey Toward<\/p>\n<p class=\"p1\">Remembering &#8211; Nabil Salih<\/p>\n<p class=\"p1\">A Proustian Alexandria &#8211;\u00a0Mohamed Gohar<\/p>\n<p class=\"p1\">My Brother, My Land: A Story from Palestine &#8211; Saleem Haddad<\/p>\n<p class=\"p1\">Asmae El Moudir&#8217;s The Mother of All Lies &#8211; Brittany Landorf<\/p>\n<p class=\"p1\">Sargon Boulus Revisited: Encomium to an Assyrian Poet &#8211; Youssef Rakha<\/p>\n<p class=\"p1\">The Elephant in the Box &#8211; Asmaa Elgamal<\/p>\n<p class=\"p1\">&#8220;Cotton Flower&#8221;\u2014a short story by Areej Gamal &#8211; Areej Gamal<\/p>\n<p class=\"p1\">Voices Close to Oblivion and Near the Grave from Syrian Gulag &#8211; Jaber Baker and U\u011fur \u00dcmit \u00dcng\u00f6r<\/p>\n<p class=\"p2\">Forgotten &amp; Silenced Histories in Moroccan Other-Archives &#8211; Natalie Bernstien and Mustapha Outbakat<\/p>\n<p class=\"p2\">Bloodied Dispatches\u2014Ahmed Isselmou on the Gaza Carnage &#8211; Ahmed Isselmou<\/p>\n<p class=\"p2\">Not Forgotten, Not (All) Erased: Palestine\u2019s Sacred Shrines &#8211; Gabriel Polley<\/p>\n<p class=\"p2\">Palestinian Culture, Under Assault, Celebrated in New Cookbook &#8211; Mischa Geracoulis<\/p>\n<p class=\"p2\">Freedom\u2014Ruminations of a Syrian Refugee &#8211; Reem Alghazzi<\/p>\n<p class=\"p2\">The Art of Letting Go: On the Path to Willful Abandonment &#8211; Nashwa Nasreldin<\/p>\n<p class=\"p2\">&#8220;The Forgotten&#8221;\u2014a short story by O\u011fuz Atay &#8211; O\u011fuz Atay<\/p>\n","protected":false},"excerpt":{"rendered":"<p>TMR Issue 41 \u2013 18 articles \u2013\u00a0 200 pages<\/p>\n<p class=\"p1\">What do we remember, what do we\u00a0forget? Our brains are like palimpsests or computer memory: we continuously write over, erase, reconfigure and frequently\u00a0forget\u00a0what came before&#8230;The 17 essays, fiction and art in The Markaz Review\u2019s issue on\u00a0forgetting\u00a0rely on props, prompts, and ancient materials to conjure forth\u00a0forgotten\u00a0memory, sometimes obscured or erased, other instances hidden in plain sight.<\/p>\n","protected":false},"featured_media":33317,"template":"","meta":{"_acf_changed":false,"om_disable_all_campaigns":false},"product_brand":[],"product_cat":[3209],"product_tag":[],"class_list":{"0":"post-33314","1":"product","2":"type-product","3":"status-publish","4":"has-post-thumbnail","6":"product_cat-tmr-issues","7":"entry","9":"first","10":"instock","11":"downloadable","12":"virtual","13":"purchasable","14":"product-type-simple"},"acf":[],"yoast_head":"<!-- This site is optimized with the Yoast SEO Premium plugin v25.8 (Yoast SEO v27.3) - https:\/\/yoast.com\/product\/yoast-seo-premium-wordpress\/ -->\n<title>TMR Issue N\u00ba41 \u2022 FORGETTING - The Markaz Review<\/title>\n<meta name=\"description\" content=\"What do we remember, what do we\u00a0forget? Our brains are like palimpsests or computer memory: we continuously write over, erase, reconfigure and frequently\u00a0forget\u00a0what came before...\" \/>\n<meta name=\"robots\" content=\"index, follow, max-snippet:-1, max-image-preview:large, max-video-preview:-1\" \/>\n<link rel=\"canonical\" href=\"https:\/\/themarkaz.org\/oldsite\/product\/tmr-issue-no41-forgetting\/\" \/>\n<meta property=\"og:locale\" content=\"en_US\" \/>\n<meta property=\"og:type\" content=\"article\" \/>\n<meta property=\"og:title\" content=\"TMR Issue N\u00ba41 \u2022 FORGETTING\" \/>\n<meta property=\"og:description\" content=\"What do we remember, what do we\u00a0forget? Our brains are like palimpsests or computer memory: we continuously write over, erase, reconfigure and frequently\u00a0forget\u00a0what came before...\" \/>\n<meta property=\"og:url\" content=\"https:\/\/themarkaz.org\/oldsite\/product\/tmr-issue-no41-forgetting\/\" \/>\n<meta property=\"og:site_name\" content=\"The Markaz Review\" \/>\n<meta property=\"article:modified_time\" content=\"2024-06-03T12:29:26+00:00\" \/>\n<meta property=\"og:image\" content=\"https:\/\/themarkaz.org\/oldsite\/wp-content\/uploads\/2024\/06\/TMR-41-FORGETTING-1.jpg\" \/>\n\t<meta property=\"og:image:width\" content=\"1080\" \/>\n\t<meta property=\"og:image:height\" content=\"1080\" \/>\n\t<meta property=\"og:image:type\" content=\"image\/jpeg\" \/>\n<meta name=\"twitter:card\" content=\"summary_large_image\" \/>\n<meta name=\"twitter:label1\" content=\"Est. reading time\" \/>\n\t<meta name=\"twitter:data1\" content=\"2 minutes\" \/>\n\t<meta name=\"twitter:label2\" content=\"Written by\" \/>\n\t<meta name=\"twitter:data2\" content=\"Jordan Elgrably\" \/>\n<script type=\"application\/ld+json\" class=\"yoast-schema-graph\">{\"@context\":\"https:\\\/\\\/schema.org\",\"@graph\":[{\"@type\":\"WebPage\",\"@id\":\"https:\\\/\\\/themarkaz.org\\\/oldsite\\\/product\\\/tmr-issue-no41-forgetting\\\/\",\"url\":\"https:\\\/\\\/themarkaz.org\\\/oldsite\\\/product\\\/tmr-issue-no41-forgetting\\\/\",\"name\":\"TMR Issue N\u00ba41 \u2022 FORGETTING - The Markaz Review\",\"isPartOf\":{\"@id\":\"https:\\\/\\\/themarkaz.org\\\/oldsite\\\/#website\"},\"primaryImageOfPage\":{\"@id\":\"https:\\\/\\\/themarkaz.org\\\/oldsite\\\/product\\\/tmr-issue-no41-forgetting\\\/#primaryimage\"},\"image\":{\"@id\":\"https:\\\/\\\/themarkaz.org\\\/oldsite\\\/product\\\/tmr-issue-no41-forgetting\\\/#primaryimage\"},\"thumbnailUrl\":\"https:\\\/\\\/themarkaz.org\\\/oldsite\\\/wp-content\\\/uploads\\\/2024\\\/06\\\/TMR-41-FORGETTING-1.jpg\",\"datePublished\":\"2024-06-03T12:28:32+00:00\",\"dateModified\":\"2024-06-03T12:29:26+00:00\",\"description\":\"What do we remember, what do we\u00a0forget? Our brains are like palimpsests or computer memory: we continuously write over, erase, reconfigure and frequently\u00a0forget\u00a0what came before...\",\"breadcrumb\":{\"@id\":\"https:\\\/\\\/themarkaz.org\\\/oldsite\\\/product\\\/tmr-issue-no41-forgetting\\\/#breadcrumb\"},\"inLanguage\":\"en-US\",\"potentialAction\":[{\"@type\":\"ReadAction\",\"target\":[\"https:\\\/\\\/themarkaz.org\\\/oldsite\\\/product\\\/tmr-issue-no41-forgetting\\\/\"]}]},{\"@type\":\"ImageObject\",\"inLanguage\":\"en-US\",\"@id\":\"https:\\\/\\\/themarkaz.org\\\/oldsite\\\/product\\\/tmr-issue-no41-forgetting\\\/#primaryimage\",\"url\":\"https:\\\/\\\/themarkaz.org\\\/oldsite\\\/wp-content\\\/uploads\\\/2024\\\/06\\\/TMR-41-FORGETTING-1.jpg\",\"contentUrl\":\"https:\\\/\\\/themarkaz.org\\\/oldsite\\\/wp-content\\\/uploads\\\/2024\\\/06\\\/TMR-41-FORGETTING-1.jpg\",\"width\":1080,\"height\":1080},{\"@type\":\"BreadcrumbList\",\"@id\":\"https:\\\/\\\/themarkaz.org\\\/oldsite\\\/product\\\/tmr-issue-no41-forgetting\\\/#breadcrumb\",\"itemListElement\":[{\"@type\":\"ListItem\",\"position\":1,\"name\":\"Home\",\"item\":\"https:\\\/\\\/themarkaz.org\\\/oldsite\\\/\"},{\"@type\":\"ListItem\",\"position\":2,\"name\":\"Store\",\"item\":\"https:\\\/\\\/themarkaz.org\\\/oldsite\\\/store\\\/\"},{\"@type\":\"ListItem\",\"position\":3,\"name\":\"TMR Issue N\u00ba41 \u2022 FORGETTING\"}]},{\"@type\":\"WebSite\",\"@id\":\"https:\\\/\\\/themarkaz.org\\\/oldsite\\\/#website\",\"url\":\"https:\\\/\\\/themarkaz.org\\\/oldsite\\\/\",\"name\":\"The Markaz Review\",\"description\":\"Literature and Arts from the Center of the World\",\"publisher\":{\"@id\":\"https:\\\/\\\/themarkaz.org\\\/oldsite\\\/#organization\"},\"potentialAction\":[{\"@type\":\"SearchAction\",\"target\":{\"@type\":\"EntryPoint\",\"urlTemplate\":\"https:\\\/\\\/themarkaz.org\\\/oldsite\\\/?s={search_term_string}\"},\"query-input\":{\"@type\":\"PropertyValueSpecification\",\"valueRequired\":true,\"valueName\":\"search_term_string\"}}],\"inLanguage\":\"en-US\"},{\"@type\":\"Organization\",\"@id\":\"https:\\\/\\\/themarkaz.org\\\/oldsite\\\/#organization\",\"name\":\"The Markaz Review\",\"url\":\"https:\\\/\\\/themarkaz.org\\\/oldsite\\\/\",\"logo\":{\"@type\":\"ImageObject\",\"inLanguage\":\"en-US\",\"@id\":\"https:\\\/\\\/themarkaz.org\\\/oldsite\\\/#\\\/schema\\\/logo\\\/image\\\/\",\"url\":\"https:\\\/\\\/themarkaz.org\\\/oldsite\\\/wp-content\\\/uploads\\\/2023\\\/08\\\/cropped-New-2023-TMR-Logo-500-pix.jpg\",\"contentUrl\":\"https:\\\/\\\/themarkaz.org\\\/oldsite\\\/wp-content\\\/uploads\\\/2023\\\/08\\\/cropped-New-2023-TMR-Logo-500-pix.jpg\",\"width\":473,\"height\":191,\"caption\":\"The Markaz Review\"},\"image\":{\"@id\":\"https:\\\/\\\/themarkaz.org\\\/oldsite\\\/#\\\/schema\\\/logo\\\/image\\\/\"}}]}<\/script>\n<!-- \/ Yoast SEO Premium plugin. -->","yoast_head_json":{"title":"TMR Issue N\u00ba41 \u2022 FORGETTING - The Markaz Review","description":"What do we remember, what do we\u00a0forget? Our brains are like palimpsests or computer memory: we continuously write over, erase, reconfigure and frequently\u00a0forget\u00a0what came before...","robots":{"index":"index","follow":"follow","max-snippet":"max-snippet:-1","max-image-preview":"max-image-preview:large","max-video-preview":"max-video-preview:-1"},"canonical":"https:\/\/themarkaz.org\/oldsite\/product\/tmr-issue-no41-forgetting\/","og_locale":"en_US","og_type":"article","og_title":"TMR Issue N\u00ba41 \u2022 FORGETTING","og_description":"What do we remember, what do we\u00a0forget? Our brains are like palimpsests or computer memory: we continuously write over, erase, reconfigure and frequently\u00a0forget\u00a0what came before...","og_url":"https:\/\/themarkaz.org\/oldsite\/product\/tmr-issue-no41-forgetting\/","og_site_name":"The Markaz Review","article_modified_time":"2024-06-03T12:29:26+00:00","og_image":[{"width":1080,"height":1080,"url":"https:\/\/themarkaz.org\/oldsite\/wp-content\/uploads\/2024\/06\/TMR-41-FORGETTING-1.jpg","type":"image\/jpeg"}],"twitter_card":"summary_large_image","twitter_misc":{"Est. reading time":"2 minutes","Written by":"Jordan Elgrably"},"schema":{"@context":"https:\/\/schema.org","@graph":[{"@type":"WebPage","@id":"https:\/\/themarkaz.org\/oldsite\/product\/tmr-issue-no41-forgetting\/","url":"https:\/\/themarkaz.org\/oldsite\/product\/tmr-issue-no41-forgetting\/","name":"TMR Issue N\u00ba41 \u2022 FORGETTING - The Markaz Review","isPartOf":{"@id":"https:\/\/themarkaz.org\/oldsite\/#website"},"primaryImageOfPage":{"@id":"https:\/\/themarkaz.org\/oldsite\/product\/tmr-issue-no41-forgetting\/#primaryimage"},"image":{"@id":"https:\/\/themarkaz.org\/oldsite\/product\/tmr-issue-no41-forgetting\/#primaryimage"},"thumbnailUrl":"https:\/\/themarkaz.org\/oldsite\/wp-content\/uploads\/2024\/06\/TMR-41-FORGETTING-1.jpg","datePublished":"2024-06-03T12:28:32+00:00","dateModified":"2024-06-03T12:29:26+00:00","description":"What do we remember, what do we\u00a0forget? Our brains are like palimpsests or computer memory: we continuously write over, erase, reconfigure and frequently\u00a0forget\u00a0what came before...","breadcrumb":{"@id":"https:\/\/themarkaz.org\/oldsite\/product\/tmr-issue-no41-forgetting\/#breadcrumb"},"inLanguage":"en-US","potentialAction":[{"@type":"ReadAction","target":["https:\/\/themarkaz.org\/oldsite\/product\/tmr-issue-no41-forgetting\/"]}]},{"@type":"ImageObject","inLanguage":"en-US","@id":"https:\/\/themarkaz.org\/oldsite\/product\/tmr-issue-no41-forgetting\/#primaryimage","url":"https:\/\/themarkaz.org\/oldsite\/wp-content\/uploads\/2024\/06\/TMR-41-FORGETTING-1.jpg","contentUrl":"https:\/\/themarkaz.org\/oldsite\/wp-content\/uploads\/2024\/06\/TMR-41-FORGETTING-1.jpg","width":1080,"height":1080},{"@type":"BreadcrumbList","@id":"https:\/\/themarkaz.org\/oldsite\/product\/tmr-issue-no41-forgetting\/#breadcrumb","itemListElement":[{"@type":"ListItem","position":1,"name":"Home","item":"https:\/\/themarkaz.org\/oldsite\/"},{"@type":"ListItem","position":2,"name":"Store","item":"https:\/\/themarkaz.org\/oldsite\/store\/"},{"@type":"ListItem","position":3,"name":"TMR Issue N\u00ba41 \u2022 FORGETTING"}]},{"@type":"WebSite","@id":"https:\/\/themarkaz.org\/oldsite\/#website","url":"https:\/\/themarkaz.org\/oldsite\/","name":"The Markaz Review","description":"Literature and Arts from the Center of the World","publisher":{"@id":"https:\/\/themarkaz.org\/oldsite\/#organization"},"potentialAction":[{"@type":"SearchAction","target":{"@type":"EntryPoint","urlTemplate":"https:\/\/themarkaz.org\/oldsite\/?s={search_term_string}"},"query-input":{"@type":"PropertyValueSpecification","valueRequired":true,"valueName":"search_term_string"}}],"inLanguage":"en-US"},{"@type":"Organization","@id":"https:\/\/themarkaz.org\/oldsite\/#organization","name":"The Markaz Review","url":"https:\/\/themarkaz.org\/oldsite\/","logo":{"@type":"ImageObject","inLanguage":"en-US","@id":"https:\/\/themarkaz.org\/oldsite\/#\/schema\/logo\/image\/","url":"https:\/\/themarkaz.org\/oldsite\/wp-content\/uploads\/2023\/08\/cropped-New-2023-TMR-Logo-500-pix.jpg","contentUrl":"https:\/\/themarkaz.org\/oldsite\/wp-content\/uploads\/2023\/08\/cropped-New-2023-TMR-Logo-500-pix.jpg","width":473,"height":191,"caption":"The Markaz Review"},"image":{"@id":"https:\/\/themarkaz.org\/oldsite\/#\/schema\/logo\/image\/"}}]}},"_links":{"self":[{"href":"https:\/\/themarkaz.org\/oldsite\/wp-json\/wp\/v2\/product\/33314","targetHints":{"allow":["GET"]}}],"collection":[{"href":"https:\/\/themarkaz.org\/oldsite\/wp-json\/wp\/v2\/product"}],"about":[{"href":"https:\/\/themarkaz.org\/oldsite\/wp-json\/wp\/v2\/types\/product"}],"wp:featuredmedia":[{"embeddable":true,"href":"https:\/\/themarkaz.org\/oldsite\/wp-json\/wp\/v2\/media\/33317"}],"wp:attachment":[{"href":"https:\/\/themarkaz.org\/oldsite\/wp-json\/wp\/v2\/media?parent=33314"}],"wp:term":[{"taxonomy":"product_brand","embeddable":true,"href":"https:\/\/themarkaz.org\/oldsite\/wp-json\/wp\/v2\/product_brand?post=33314"},{"taxonomy":"product_cat","embeddable":true,"href":"https:\/\/themarkaz.org\/oldsite\/wp-json\/wp\/v2\/product_cat?post=33314"},{"taxonomy":"product_tag","embeddable":true,"href":"https:\/\/themarkaz.org\/oldsite\/wp-json\/wp\/v2\/product_tag?post=33314"}],"curies":[{"name":"wp","href":"https:\/\/api.w.org\/{rel}","templated":true}]}}