{"id":29692,"date":"2023-11-17T18:41:22","date_gmt":"2023-11-17T16:41:22","guid":{"rendered":"https:\/\/themarkaz.org\/oldsite\/?post_type=product&#038;p=29692"},"modified":"2023-12-20T09:42:40","modified_gmt":"2023-12-20T07:42:40","slug":"tmr-issue-no-25-heroines","status":"publish","type":"product","link":"https:\/\/themarkaz.org\/oldsite\/product\/tmr-issue-no-25-heroines\/","title":{"rendered":"TMR Issue N\u00ba 25 \u2022 HEROINES"},"content":{"rendered":"<p><img decoding=\"async\" class=\"wp-image-29695 alignleft\" src=\"https:\/\/themarkaz.org\/oldsite\/wp-content\/uploads\/2023\/11\/TMR-25-\u2022-HEROINES-Archives-The-Markaz-Review-themarkaz.org_-681x1024.jpg\" alt=\"\" width=\"590\" height=\"887\" srcset=\"https:\/\/themarkaz.org\/oldsite\/wp-content\/uploads\/2023\/11\/TMR-25-\u2022-HEROINES-Archives-The-Markaz-Review-themarkaz.org_-681x1024.jpg 681w, https:\/\/themarkaz.org\/oldsite\/wp-content\/uploads\/2023\/11\/TMR-25-\u2022-HEROINES-Archives-The-Markaz-Review-themarkaz.org_-200x300.jpg 200w, https:\/\/themarkaz.org\/oldsite\/wp-content\/uploads\/2023\/11\/TMR-25-\u2022-HEROINES-Archives-The-Markaz-Review-themarkaz.org_-768x1155.jpg 768w, https:\/\/themarkaz.org\/oldsite\/wp-content\/uploads\/2023\/11\/TMR-25-\u2022-HEROINES-Archives-The-Markaz-Review-themarkaz.org_-1022x1536.jpg 1022w, https:\/\/themarkaz.org\/oldsite\/wp-content\/uploads\/2023\/11\/TMR-25-\u2022-HEROINES-Archives-The-Markaz-Review-themarkaz.org_-600x902.jpg 600w, https:\/\/themarkaz.org\/oldsite\/wp-content\/uploads\/2023\/11\/TMR-25-\u2022-HEROINES-Archives-The-Markaz-Review-themarkaz.org_.jpg 1277w\" sizes=\"(max-width: 590px) 100vw, 590px\" \/><\/p>\n<p>&nbsp;<\/p>\n<p class=\"p1\">The Heroine Forugh Farrokhzad\u2014\u201cOnly Voice Remains\u201d -Sholeh Wolp\u00e9<\/p>\n<p class=\"p1\">You Don\u2019t Have to Be A Super Hero to Be a Heroine &#8211; TMR<\/p>\n<p class=\"p1\">Anarkali, or Six Early Deaths in Lahore\u2014fiction by Farah Ahamed<\/p>\n<p class=\"p1\">#MahsaAmini\u2014Art by Rachid Bouhamidi, Los Angeles &#8211; Rachid Bouhamidi<\/p>\n<p class=\"p1\">Courage and Conviction\u2014short short fiction &#8211; Khulud Khamis<\/p>\n<p class=\"p1\">Homage to Mahsa Jhina Amini &amp; the Women-Led Call for Freedom &#8211; TMR<\/p>\n<p class=\"p1\">What the Iran Protests Mean for Us\u2014Kamin Mohammadi<\/p>\n<p class=\"p1\">\u201cRide On, Shooting Star\u201d\u2014fiction from May Haddad<\/p>\n<p class=\"p1\">Defiance\u2014an essay from Sara Mokhavat<\/p>\n<p class=\"p1\">Interview with Ahed Tamimi, an Icon of the Palestinian Resistance &#8211; Nora Lester Murad<\/p>\n<p class=\"p1\">On Women and Gods: How Three Female Clerics Came Together &#8211; La\u00ebtitia Soula<\/p>\n<p class=\"p1\">\u201cMalika,\u201d an excerpt from Abdellah Ta\u00efa\u2019s Vivre \u00e0 ta lum\u00ecere -Abdellah Ta\u00efa<\/p>\n<p>&nbsp;<\/p>\n<p>&nbsp;<\/p>\n<p>&nbsp;<\/p>\n<p class=\"p1\">The Life of Malika in Vivre \u00e0\u00a0<img decoding=\"async\" class=\"wp-image-29697 alignleft\" style=\"color: var(--global--color-primary); font-size: var(--global--font-size-base);\" src=\"https:\/\/themarkaz.org\/oldsite\/wp-content\/uploads\/2023\/11\/TMR-25-\u2022-HEROINES-Archives-Page-2-of-2-The-Markaz-Review-themarkaz.org_-1024x732.jpg\" alt=\"\" width=\"584\" height=\"418\" srcset=\"https:\/\/themarkaz.org\/oldsite\/wp-content\/uploads\/2023\/11\/TMR-25-\u2022-HEROINES-Archives-Page-2-of-2-The-Markaz-Review-themarkaz.org_-1024x732.jpg 1024w, https:\/\/themarkaz.org\/oldsite\/wp-content\/uploads\/2023\/11\/TMR-25-\u2022-HEROINES-Archives-Page-2-of-2-The-Markaz-Review-themarkaz.org_-300x215.jpg 300w, https:\/\/themarkaz.org\/oldsite\/wp-content\/uploads\/2023\/11\/TMR-25-\u2022-HEROINES-Archives-Page-2-of-2-The-Markaz-Review-themarkaz.org_-768x549.jpg 768w, https:\/\/themarkaz.org\/oldsite\/wp-content\/uploads\/2023\/11\/TMR-25-\u2022-HEROINES-Archives-Page-2-of-2-The-Markaz-Review-themarkaz.org_-1536x1098.jpg 1536w, https:\/\/themarkaz.org\/oldsite\/wp-content\/uploads\/2023\/11\/TMR-25-\u2022-HEROINES-Archives-Page-2-of-2-The-Markaz-Review-themarkaz.org_-1568x1121.jpg 1568w, https:\/\/themarkaz.org\/oldsite\/wp-content\/uploads\/2023\/11\/TMR-25-\u2022-HEROINES-Archives-Page-2-of-2-The-Markaz-Review-themarkaz.org_-1320x944.jpg 1320w, https:\/\/themarkaz.org\/oldsite\/wp-content\/uploads\/2023\/11\/TMR-25-\u2022-HEROINES-Archives-Page-2-of-2-The-Markaz-Review-themarkaz.org_-600x429.jpg 600w, https:\/\/themarkaz.org\/oldsite\/wp-content\/uploads\/2023\/11\/TMR-25-\u2022-HEROINES-Archives-Page-2-of-2-The-Markaz-Review-themarkaz.org_.jpg 1920w\" sizes=\"(max-width: 584px) 100vw, 584px\" \/><span style=\"color: var(--global--color-primary); font-size: var(--global--font-size-base);\">ta lumi\u00e8re &#8211; <\/span>Jean-Philippe Cazier<\/p>\n<p class=\"p1\">The Postcard Women\u2019s Imaginarium: Decolonizing the Western<\/p>\n<p class=\"p1\">Gaze &#8211; Salma Ahmad Caller<\/p>\n<p class=\"p1\">Yemen\u2019s Feminist Trailblazer Flees Death Threats for a New Life in<\/p>\n<p class=\"p1\">the UK &#8211; Nadia Al-Sakkaf<\/p>\n<p class=\"p1\">Zoulikha, Forgotten Freedom Fighter of the Algerian War &#8211; Fouad Mami<\/p>\n<p class=\"p2\">Nawal El-Saadawi, a Heroine in Prison &#8211; Ibrahim Fawzy<\/p>\n","protected":false},"excerpt":{"rendered":"<p>TMR Issue 25 \u2013 17 articles \u2013 232 pages<\/p>\n<div class=\"speechify-ipvczq\"><span style=\"color: var(--global--color-primary); font-size: var(--global--font-size-base);\">In this issue we present our case for everyday women achieving the extraordinary as they overcome adversity. We also\u00a0consider courageous and powerful women, from France&#8217;s first female imam to Yemen&#8217;s first woman Minister of Information \u2014 women who have defied convention and fought patriarchy, or like teenage Ahed Tamimi, fought for freedom and spent time in jail.\u00a0<\/span><\/div>\n","protected":false},"featured_media":30617,"template":"","meta":{"_acf_changed":false,"om_disable_all_campaigns":false},"product_brand":[],"product_cat":[3209],"product_tag":[],"class_list":{"0":"post-29692","1":"product","2":"type-product","3":"status-publish","4":"has-post-thumbnail","6":"product_cat-tmr-issues","7":"entry","9":"first","10":"instock","11":"downloadable","12":"virtual","13":"purchasable","14":"product-type-simple"},"acf":[],"yoast_head":"<!-- This site is optimized with the Yoast SEO Premium plugin v25.8 (Yoast SEO v27.3) - https:\/\/yoast.com\/product\/yoast-seo-premium-wordpress\/ -->\n<title>TMR Issue N\u00ba 25 \u2022 HEROINES - The Markaz Review<\/title>\n<meta name=\"description\" content=\"In this issue we present our case for everyday women achieving the extraordinary as they overcome adversity. We also\u00a0consider courageous and powerful women.\" \/>\n<meta name=\"robots\" content=\"index, follow, max-snippet:-1, max-image-preview:large, max-video-preview:-1\" \/>\n<link rel=\"canonical\" href=\"https:\/\/themarkaz.org\/oldsite\/product\/tmr-issue-no-25-heroines\/\" \/>\n<meta property=\"og:locale\" content=\"en_US\" \/>\n<meta property=\"og:type\" content=\"article\" \/>\n<meta property=\"og:title\" content=\"TMR Issue N\u00ba 25 \u2022 HEROINES\" \/>\n<meta property=\"og:description\" content=\"In this issue we present our case for everyday women achieving the extraordinary as they overcome adversity. We also\u00a0consider courageous and powerful women.\" \/>\n<meta property=\"og:url\" content=\"https:\/\/themarkaz.org\/oldsite\/product\/tmr-issue-no-25-heroines\/\" \/>\n<meta property=\"og:site_name\" content=\"The Markaz Review\" \/>\n<meta property=\"article:modified_time\" content=\"2023-12-20T07:42:40+00:00\" \/>\n<meta property=\"og:image\" content=\"https:\/\/themarkaz.org\/oldsite\/wp-content\/uploads\/2023\/11\/TMR-25-HEROINES-cover-768x768-1.jpg\" \/>\n\t<meta property=\"og:image:width\" content=\"768\" \/>\n\t<meta property=\"og:image:height\" content=\"768\" \/>\n\t<meta property=\"og:image:type\" content=\"image\/jpeg\" \/>\n<meta name=\"twitter:card\" content=\"summary_large_image\" \/>\n<meta name=\"twitter:label1\" content=\"Est. reading time\" \/>\n\t<meta name=\"twitter:data1\" content=\"2 minutes\" \/>\n\t<meta name=\"twitter:label2\" content=\"Written by\" \/>\n\t<meta name=\"twitter:data2\" content=\"Jordan Elgrably\" \/>\n<script type=\"application\/ld+json\" class=\"yoast-schema-graph\">{\"@context\":\"https:\\\/\\\/schema.org\",\"@graph\":[{\"@type\":\"WebPage\",\"@id\":\"https:\\\/\\\/themarkaz.org\\\/oldsite\\\/product\\\/tmr-issue-no-25-heroines\\\/\",\"url\":\"https:\\\/\\\/themarkaz.org\\\/oldsite\\\/product\\\/tmr-issue-no-25-heroines\\\/\",\"name\":\"TMR Issue N\u00ba 25 \u2022 HEROINES - The Markaz Review\",\"isPartOf\":{\"@id\":\"https:\\\/\\\/themarkaz.org\\\/oldsite\\\/#website\"},\"primaryImageOfPage\":{\"@id\":\"https:\\\/\\\/themarkaz.org\\\/oldsite\\\/product\\\/tmr-issue-no-25-heroines\\\/#primaryimage\"},\"image\":{\"@id\":\"https:\\\/\\\/themarkaz.org\\\/oldsite\\\/product\\\/tmr-issue-no-25-heroines\\\/#primaryimage\"},\"thumbnailUrl\":\"https:\\\/\\\/themarkaz.org\\\/oldsite\\\/wp-content\\\/uploads\\\/2023\\\/11\\\/TMR-25-HEROINES-cover-768x768-1.jpg\",\"datePublished\":\"2023-11-17T16:41:22+00:00\",\"dateModified\":\"2023-12-20T07:42:40+00:00\",\"description\":\"In this issue we present our case for everyday women achieving the extraordinary as they overcome adversity. We also\u00a0consider courageous and powerful women.\",\"breadcrumb\":{\"@id\":\"https:\\\/\\\/themarkaz.org\\\/oldsite\\\/product\\\/tmr-issue-no-25-heroines\\\/#breadcrumb\"},\"inLanguage\":\"en-US\",\"potentialAction\":[{\"@type\":\"ReadAction\",\"target\":[\"https:\\\/\\\/themarkaz.org\\\/oldsite\\\/product\\\/tmr-issue-no-25-heroines\\\/\"]}]},{\"@type\":\"ImageObject\",\"inLanguage\":\"en-US\",\"@id\":\"https:\\\/\\\/themarkaz.org\\\/oldsite\\\/product\\\/tmr-issue-no-25-heroines\\\/#primaryimage\",\"url\":\"https:\\\/\\\/themarkaz.org\\\/oldsite\\\/wp-content\\\/uploads\\\/2023\\\/11\\\/TMR-25-HEROINES-cover-768x768-1.jpg\",\"contentUrl\":\"https:\\\/\\\/themarkaz.org\\\/oldsite\\\/wp-content\\\/uploads\\\/2023\\\/11\\\/TMR-25-HEROINES-cover-768x768-1.jpg\",\"width\":768,\"height\":768,\"caption\":\"TMR 25 HEROINES\"},{\"@type\":\"BreadcrumbList\",\"@id\":\"https:\\\/\\\/themarkaz.org\\\/oldsite\\\/product\\\/tmr-issue-no-25-heroines\\\/#breadcrumb\",\"itemListElement\":[{\"@type\":\"ListItem\",\"position\":1,\"name\":\"Home\",\"item\":\"https:\\\/\\\/themarkaz.org\\\/oldsite\\\/\"},{\"@type\":\"ListItem\",\"position\":2,\"name\":\"Store\",\"item\":\"https:\\\/\\\/themarkaz.org\\\/oldsite\\\/store\\\/\"},{\"@type\":\"ListItem\",\"position\":3,\"name\":\"TMR Issue N\u00ba 25 \u2022 HEROINES\"}]},{\"@type\":\"WebSite\",\"@id\":\"https:\\\/\\\/themarkaz.org\\\/oldsite\\\/#website\",\"url\":\"https:\\\/\\\/themarkaz.org\\\/oldsite\\\/\",\"name\":\"The Markaz Review\",\"description\":\"Literature and Arts from the Center of the World\",\"publisher\":{\"@id\":\"https:\\\/\\\/themarkaz.org\\\/oldsite\\\/#organization\"},\"potentialAction\":[{\"@type\":\"SearchAction\",\"target\":{\"@type\":\"EntryPoint\",\"urlTemplate\":\"https:\\\/\\\/themarkaz.org\\\/oldsite\\\/?s={search_term_string}\"},\"query-input\":{\"@type\":\"PropertyValueSpecification\",\"valueRequired\":true,\"valueName\":\"search_term_string\"}}],\"inLanguage\":\"en-US\"},{\"@type\":\"Organization\",\"@id\":\"https:\\\/\\\/themarkaz.org\\\/oldsite\\\/#organization\",\"name\":\"The Markaz Review\",\"url\":\"https:\\\/\\\/themarkaz.org\\\/oldsite\\\/\",\"logo\":{\"@type\":\"ImageObject\",\"inLanguage\":\"en-US\",\"@id\":\"https:\\\/\\\/themarkaz.org\\\/oldsite\\\/#\\\/schema\\\/logo\\\/image\\\/\",\"url\":\"https:\\\/\\\/themarkaz.org\\\/oldsite\\\/wp-content\\\/uploads\\\/2023\\\/08\\\/cropped-New-2023-TMR-Logo-500-pix.jpg\",\"contentUrl\":\"https:\\\/\\\/themarkaz.org\\\/oldsite\\\/wp-content\\\/uploads\\\/2023\\\/08\\\/cropped-New-2023-TMR-Logo-500-pix.jpg\",\"width\":473,\"height\":191,\"caption\":\"The Markaz Review\"},\"image\":{\"@id\":\"https:\\\/\\\/themarkaz.org\\\/oldsite\\\/#\\\/schema\\\/logo\\\/image\\\/\"}}]}<\/script>\n<!-- \/ Yoast SEO Premium plugin. -->","yoast_head_json":{"title":"TMR Issue N\u00ba 25 \u2022 HEROINES - The Markaz Review","description":"In this issue we present our case for everyday women achieving the extraordinary as they overcome adversity. We also\u00a0consider courageous and powerful women.","robots":{"index":"index","follow":"follow","max-snippet":"max-snippet:-1","max-image-preview":"max-image-preview:large","max-video-preview":"max-video-preview:-1"},"canonical":"https:\/\/themarkaz.org\/oldsite\/product\/tmr-issue-no-25-heroines\/","og_locale":"en_US","og_type":"article","og_title":"TMR Issue N\u00ba 25 \u2022 HEROINES","og_description":"In this issue we present our case for everyday women achieving the extraordinary as they overcome adversity. We also\u00a0consider courageous and powerful women.","og_url":"https:\/\/themarkaz.org\/oldsite\/product\/tmr-issue-no-25-heroines\/","og_site_name":"The Markaz Review","article_modified_time":"2023-12-20T07:42:40+00:00","og_image":[{"width":768,"height":768,"url":"https:\/\/themarkaz.org\/oldsite\/wp-content\/uploads\/2023\/11\/TMR-25-HEROINES-cover-768x768-1.jpg","type":"image\/jpeg"}],"twitter_card":"summary_large_image","twitter_misc":{"Est. reading time":"2 minutes","Written by":"Jordan Elgrably"},"schema":{"@context":"https:\/\/schema.org","@graph":[{"@type":"WebPage","@id":"https:\/\/themarkaz.org\/oldsite\/product\/tmr-issue-no-25-heroines\/","url":"https:\/\/themarkaz.org\/oldsite\/product\/tmr-issue-no-25-heroines\/","name":"TMR Issue N\u00ba 25 \u2022 HEROINES - The Markaz Review","isPartOf":{"@id":"https:\/\/themarkaz.org\/oldsite\/#website"},"primaryImageOfPage":{"@id":"https:\/\/themarkaz.org\/oldsite\/product\/tmr-issue-no-25-heroines\/#primaryimage"},"image":{"@id":"https:\/\/themarkaz.org\/oldsite\/product\/tmr-issue-no-25-heroines\/#primaryimage"},"thumbnailUrl":"https:\/\/themarkaz.org\/oldsite\/wp-content\/uploads\/2023\/11\/TMR-25-HEROINES-cover-768x768-1.jpg","datePublished":"2023-11-17T16:41:22+00:00","dateModified":"2023-12-20T07:42:40+00:00","description":"In this issue we present our case for everyday women achieving the extraordinary as they overcome adversity. We also\u00a0consider courageous and powerful women.","breadcrumb":{"@id":"https:\/\/themarkaz.org\/oldsite\/product\/tmr-issue-no-25-heroines\/#breadcrumb"},"inLanguage":"en-US","potentialAction":[{"@type":"ReadAction","target":["https:\/\/themarkaz.org\/oldsite\/product\/tmr-issue-no-25-heroines\/"]}]},{"@type":"ImageObject","inLanguage":"en-US","@id":"https:\/\/themarkaz.org\/oldsite\/product\/tmr-issue-no-25-heroines\/#primaryimage","url":"https:\/\/themarkaz.org\/oldsite\/wp-content\/uploads\/2023\/11\/TMR-25-HEROINES-cover-768x768-1.jpg","contentUrl":"https:\/\/themarkaz.org\/oldsite\/wp-content\/uploads\/2023\/11\/TMR-25-HEROINES-cover-768x768-1.jpg","width":768,"height":768,"caption":"TMR 25 HEROINES"},{"@type":"BreadcrumbList","@id":"https:\/\/themarkaz.org\/oldsite\/product\/tmr-issue-no-25-heroines\/#breadcrumb","itemListElement":[{"@type":"ListItem","position":1,"name":"Home","item":"https:\/\/themarkaz.org\/oldsite\/"},{"@type":"ListItem","position":2,"name":"Store","item":"https:\/\/themarkaz.org\/oldsite\/store\/"},{"@type":"ListItem","position":3,"name":"TMR Issue N\u00ba 25 \u2022 HEROINES"}]},{"@type":"WebSite","@id":"https:\/\/themarkaz.org\/oldsite\/#website","url":"https:\/\/themarkaz.org\/oldsite\/","name":"The Markaz Review","description":"Literature and Arts from the Center of the World","publisher":{"@id":"https:\/\/themarkaz.org\/oldsite\/#organization"},"potentialAction":[{"@type":"SearchAction","target":{"@type":"EntryPoint","urlTemplate":"https:\/\/themarkaz.org\/oldsite\/?s={search_term_string}"},"query-input":{"@type":"PropertyValueSpecification","valueRequired":true,"valueName":"search_term_string"}}],"inLanguage":"en-US"},{"@type":"Organization","@id":"https:\/\/themarkaz.org\/oldsite\/#organization","name":"The Markaz Review","url":"https:\/\/themarkaz.org\/oldsite\/","logo":{"@type":"ImageObject","inLanguage":"en-US","@id":"https:\/\/themarkaz.org\/oldsite\/#\/schema\/logo\/image\/","url":"https:\/\/themarkaz.org\/oldsite\/wp-content\/uploads\/2023\/08\/cropped-New-2023-TMR-Logo-500-pix.jpg","contentUrl":"https:\/\/themarkaz.org\/oldsite\/wp-content\/uploads\/2023\/08\/cropped-New-2023-TMR-Logo-500-pix.jpg","width":473,"height":191,"caption":"The Markaz Review"},"image":{"@id":"https:\/\/themarkaz.org\/oldsite\/#\/schema\/logo\/image\/"}}]}},"_links":{"self":[{"href":"https:\/\/themarkaz.org\/oldsite\/wp-json\/wp\/v2\/product\/29692","targetHints":{"allow":["GET"]}}],"collection":[{"href":"https:\/\/themarkaz.org\/oldsite\/wp-json\/wp\/v2\/product"}],"about":[{"href":"https:\/\/themarkaz.org\/oldsite\/wp-json\/wp\/v2\/types\/product"}],"wp:featuredmedia":[{"embeddable":true,"href":"https:\/\/themarkaz.org\/oldsite\/wp-json\/wp\/v2\/media\/30617"}],"wp:attachment":[{"href":"https:\/\/themarkaz.org\/oldsite\/wp-json\/wp\/v2\/media?parent=29692"}],"wp:term":[{"taxonomy":"product_brand","embeddable":true,"href":"https:\/\/themarkaz.org\/oldsite\/wp-json\/wp\/v2\/product_brand?post=29692"},{"taxonomy":"product_cat","embeddable":true,"href":"https:\/\/themarkaz.org\/oldsite\/wp-json\/wp\/v2\/product_cat?post=29692"},{"taxonomy":"product_tag","embeddable":true,"href":"https:\/\/themarkaz.org\/oldsite\/wp-json\/wp\/v2\/product_tag?post=29692"}],"curies":[{"name":"wp","href":"https:\/\/api.w.org\/{rel}","templated":true}]}}