{"id":30344,"date":"2023-12-07T17:39:36","date_gmt":"2023-12-07T15:39:36","guid":{"rendered":"https:\/\/themarkaz.org\/oldsite\/?page_id=30344"},"modified":"2023-12-08T11:28:35","modified_gmt":"2023-12-08T09:28:35","slug":"podcast-biennale-des-arts-de-la-scene-en-mediterranee-2023-fr","status":"publish","type":"page","link":"https:\/\/themarkaz.org\/oldsite\/podcast-biennale-des-arts-de-la-scene-en-mediterranee-2023-fr\/","title":{"rendered":"Podcast Biennale des Arts de la Sc\u00e8ne en M\u00e9diterran\u00e9e 2023 &#8211; FR"},"content":{"rendered":"<p><img decoding=\"async\" class=\"alignnone wp-image-29363 size-full\" src=\"https:\/\/themarkaz.org\/oldsite\/wp-content\/uploads\/2023\/11\/Radio-Tabbouli-website-banner.png\" alt=\"\" width=\"1920\" height=\"403\" srcset=\"https:\/\/themarkaz.org\/oldsite\/wp-content\/uploads\/2023\/11\/Radio-Tabbouli-website-banner.png 1920w, https:\/\/themarkaz.org\/oldsite\/wp-content\/uploads\/2023\/11\/Radio-Tabbouli-website-banner-300x63.png 300w, https:\/\/themarkaz.org\/oldsite\/wp-content\/uploads\/2023\/11\/Radio-Tabbouli-website-banner-1024x215.png 1024w, https:\/\/themarkaz.org\/oldsite\/wp-content\/uploads\/2023\/11\/Radio-Tabbouli-website-banner-768x161.png 768w, https:\/\/themarkaz.org\/oldsite\/wp-content\/uploads\/2023\/11\/Radio-Tabbouli-website-banner-1536x322.png 1536w, https:\/\/themarkaz.org\/oldsite\/wp-content\/uploads\/2023\/11\/Radio-Tabbouli-website-banner-1568x329.png 1568w, https:\/\/themarkaz.org\/oldsite\/wp-content\/uploads\/2023\/11\/Radio-Tabbouli-website-banner-1320x277.png 1320w, https:\/\/themarkaz.org\/oldsite\/wp-content\/uploads\/2023\/11\/Radio-Tabbouli-website-banner-600x126.png 600w\" sizes=\"(max-width: 1920px) 100vw, 1920px\" \/><\/p>\n<p><em>English below<\/em><\/p>\n<p>Radio Tabbouli c\u2019est le podcast de The Markaz Review pour d\u00e9couvrir l\u2019actualit\u00e9 culturelle et rencontrer des artistes, des \u00e9crivains, des cin\u00e9astes, des acteurs, des universitaires, des musiciens et d&#8217;autres personnalit\u00e9s du Moyen-Orient, de l&#8217;Afrique du Nord et de ses diasporas.<\/p>\n<p>Ecoutez le podcast sur <a href=\"https:\/\/open.spotify.com\/episode\/6aZ2GtYkTz8zXMiJh62JZK\" target=\"_blank\" rel=\"noopener\">Spotify<\/a> ou <a href=\"https:\/\/podcasts.apple.com\/fr\/podcast\/biennale-des-arts-de-la-sc%C3%A8ne-en-m%C3%A9diterran%C3%A9e-2023-fr\/id1714809973?i=1000637824688&amp;l=en-GB\" target=\"_blank\" rel=\"noopener\">Apple Podcast<\/a>.<\/p>\n<p><iframe loading=\"lazy\" src=\"https:\/\/embed.acast.com\/652fa86914bb5f001294bf93\/65686b331cf1960013f73526\" width=\"100%\" height=\"190px\" frameborder=\"0\"><\/iframe><\/p>\n<p>Pour ce troisi\u00e8me podcast Radio Tabbouli, TMR vous emm\u00e8ne \u00e0 la Biennale des Arts de la Sc\u00e8ne en M\u00e9diterran\u00e9e (BASM) pour sa 2\u00e8me \u00e9dition. Nous y rencontrerons deux femmes engag\u00e9es, Giovanna Tanzarella et Simone Bitton, pour une M\u00e9diterran\u00e9e ouverte o\u00f9 l&#8217;art, les discussions et les id\u00e9es circulent.<\/p>\n<p>Au menu : l\u2019interview de Giovanna Tanzarella chercheuse et actrice de la soci\u00e9t\u00e9 civile qui est intervenue dans le cadre d\u2019une conf\u00e9rence sur le th\u00e8me : <a href=\"https:\/\/www.youtube.com\/watch?v=zA28mw6cgok\" target=\"_blank\" rel=\"noopener\">L\u2019art et la culture en M\u00e9diterran\u00e9e : des liens solides entre deux rives ?<\/a> Pour Giovanna &#8220;l\u2019art et la culture sont le sang qui circule dans le corps des pays&#8221;. Nous continuerons avec la rencontre de la cin\u00e9aste Simone Bitton invit\u00e9e \u00e0 une projection-d\u00e9bat de son documentaire de 1991 <a href=\"https:\/\/www.on-tenk.com\/fr\/documentaires\/parole\/conversation-nord-sud-daney-sanbar\" target=\"_blank\" rel=\"noopener\"><em>Conversation Nord-Sud<\/em>: une discussion entre Serge Daney et Elias Sanbar<\/a>.\u00a0Simone nous parle de son histoire en tant que juive marocaine, de ses engagements, de sa passion pour le cin\u00e9ma et de l\u2019ind\u00e9pendance de ses opinions.<\/p>\n<p><iframe loading=\"lazy\" title=\"The Markaz Podcast - Radio Tabbouli Ep 3 Biennale des Arts de la Sc\u00e8ne en M\u00e9diterran\u00e9e 2023\" width=\"750\" height=\"422\" src=\"https:\/\/www.youtube.com\/embed\/SrlMtCId0ho?feature=oembed\" frameborder=\"0\" allow=\"accelerometer; autoplay; clipboard-write; encrypted-media; gyroscope; picture-in-picture; web-share\" allowfullscreen><\/iframe><\/p>\n<p>&nbsp;<\/p>\n<p><span style=\"font-size: 16px;\">01:25 Intro Giovanna Tanzarella<br \/>\n01:49 Interview Giovanna Tanzarella<br \/>\n23:27 Intro Simone Bitton<br \/>\n23:48 Interview Simone Bitton<\/span><\/p>\n<p><span style=\"font-size: 16px;\">Biennale des Arts de la Sc\u00e8ne en M\u00e9diterran\u00e9e<br \/>\n<\/span><span style=\"font-size: 16px;\">https:\/\/www.13vents.fr\/biennale-des-arts-de-la-scene-en-mediterranee-3\/<br \/>\n<\/span><span style=\"font-size: 16px;\"><em>Animatrice Sarah de The Markaz Review (TMR)<\/em><\/span><\/p>\n<div id=\"block-yui_3_17_2_1_1601453168012_7061\" class=\"sqs-block audio-block sqs-block-audio\" data-block-type=\"41\">\n<div class=\"sqs-block-content\">\n<div data-url=\"https:\/\/static1.squarespace.com\/static\/5f3ed0456d80dc10ffbbdc55\/t\/5f743d510f6f7324ac3aa8ce\/1601453470369\/radiotabbouli_natacha_atlas_2010-10-27T19_21_44-07_00.mp3\/original\/radiotabbouli_natacha_atlas_2010-10-27T19_21_44-07_00.mp3\" data-mime-type=\"\" data-title=\"Interview with vocalist Natacha Atlas\" data-author=\"Natacha Atlas\" data-show-download=\"false\" data-design-style=\"minimal\" data-duration-in-ms=\"1377000\" data-color-theme=\"dark\">\n<div class=\"xgmjVLxjqfcXK5BV_XyN\">\n<hr \/>\n<\/div>\n<\/div>\n<\/div>\n<\/div>\n<div id=\"block-395a5c318e0b2573e7b6\" class=\"sqs-block html-block sqs-block-html\" data-block-type=\"2\">\n<div class=\"sqs-block-content\">\n<p><em>English<\/em><\/p>\n<p>Radio Tabbouli is The Markaz Review&#8217;s podcast for discovering cultural news and meeting artists, writers, filmmakers, actors, academics, musicians and other personalities from the Middle East, North Africa and its diasporas.<\/p>\n<p>Listen to the podcast on <a href=\"https:\/\/open.spotify.com\/episode\/6aZ2GtYkTz8zXMiJh62JZK\" target=\"_blank\" rel=\"noopener\">Spotify<\/a> or <a href=\"https:\/\/podcasts.apple.com\/fr\/podcast\/biennale-des-arts-de-la-sc%C3%A8ne-en-m%C3%A9diterran%C3%A9e-2023-fr\/id1714809973?i=1000637824688&amp;l=en-GB\" target=\"_blank\" rel=\"noopener\">Apple Podcasts<\/a>.<\/p>\n<p><iframe loading=\"lazy\" src=\"https:\/\/embed.acast.com\/652fa86914bb5f001294bf93\/65686b331cf1960013f73526\" width=\"100%\" height=\"190px\" frameborder=\"0\"><\/iframe><\/p>\n<\/div>\n<\/div>\n<p>For this third episode of the Radio Tabbouli podcast, TMR takes you to the 2nd Biennial of Performing Arts in the Mediterranean. Here, we meet two women who are committed to an open Mediterranean in which art, discussion and ideas circulate: Giovanna Tanzarella and Simone Bitton.<\/p>\n<p>On the menu: an interview with Giovanna Tanzarella, researcher and civil society actress, who was invited to speak at a conference on the theme: <a href=\"https:\/\/www.youtube.com\/watch?v=zA28mw6cgok\" target=\"_blank\" rel=\"noopener\">&#8220;Art and Culture in the Mediterranean: Strong Links between Two Shores?&#8221;<\/a> For Giovanna, &#8220;art and culture are the blood that circulates in the bodies of countries.&#8221; In the second part of the episode, we meet filmmaker Simone Bitton, who has been invited to the event for a screening of her 1991 documentary, <a href=\"https:\/\/www.on-tenk.com\/fr\/documentaires\/parole\/conversation-nord-sud-daney-sanbar\" target=\"_blank\" rel=\"noopener\">&#8220;Conversation Nord-Sud: a discussion between Serge Daney and Elias Sanbar.\u201d<\/a> Simone discusses her history as a Moroccan Jew, her commitments, her passion for cinema and the independence of her opinions.<\/p>\n<p><iframe loading=\"lazy\" title=\"The Markaz Podcast - Radio Tabbouli Ep 3 Biennale des Arts de la Sc\u00e8ne en M\u00e9diterran\u00e9e 2023\" width=\"750\" height=\"422\" src=\"https:\/\/www.youtube.com\/embed\/SrlMtCId0ho?feature=oembed\" frameborder=\"0\" allow=\"accelerometer; autoplay; clipboard-write; encrypted-media; gyroscope; picture-in-picture; web-share\" allowfullscreen><\/iframe><\/p>\n<p><span style=\"font-size: 16px;\">01:25 Intro Giovanna Tanzarella<\/span><br \/>\n<span style=\"font-size: 16px;\">01:49 Interview Giovanna Tanzarella<\/span><br \/>\n<span style=\"font-size: 16px;\">23:27 Intro Simone Bitton<\/span><br \/>\n<span style=\"font-size: 16px;\">23:48 Interview Simone Bitton<\/span><\/p>\n<p><span style=\"font-size: 16px;\">Biennale des Arts de la Sc\u00e8ne en M\u00e9diterran\u00e9e<br \/>\n<\/span><span style=\"font-size: 16px;\">https:\/\/www.13vents.fr\/biennale-des-arts-de-la-scene-en-mediterranee-3\/<br \/>\n<\/span><span style=\"font-size: 16px;\"><em>Host Sarah from The Markaz Review (TMR)<\/em><\/span><\/p>\n","protected":false},"excerpt":{"rendered":"<p>English below Radio Tabbouli c\u2019est le podcast de The Markaz Review pour d\u00e9couvrir l\u2019actualit\u00e9 culturelle et rencontrer des artistes, des \u00e9crivains, des cin\u00e9astes, des acteurs, des universitaires, des musiciens et&hellip; <a class=\"more-link\" href=\"https:\/\/themarkaz.org\/oldsite\/podcast-biennale-des-arts-de-la-scene-en-mediterranee-2023-fr\/\">Continue reading <span class=\"screen-reader-text\">Podcast Biennale des Arts de la Sc\u00e8ne en M\u00e9diterran\u00e9e 2023 &#8211; FR<\/span><\/a><\/p>\n","protected":false},"author":331,"featured_media":30341,"parent":0,"menu_order":0,"comment_status":"closed","ping_status":"closed","template":"","meta":{"_acf_changed":false,"om_disable_all_campaigns":false,"footnotes":""},"coauthors":[2196],"class_list":["post-30344","page","type-page","status-publish","has-post-thumbnail","hentry","entry"],"acf":[],"yoast_head":"<!-- This site is optimized with the Yoast SEO Premium plugin v25.8 (Yoast SEO v27.4) - https:\/\/yoast.com\/product\/yoast-seo-premium-wordpress\/ -->\n<title>Podcast Biennale des Arts de la Sc\u00e8ne en M\u00e9diterran\u00e9e 2023 - FR - The Markaz Review<\/title>\n<meta name=\"description\" content=\"Pour ce troisi\u00e8me podcast Radio Tabbouli, TMR vous emm\u00e8ne \u00e0 la Biennale des Arts de la Sc\u00e8ne en M\u00e9diterran\u00e9e (BASM) pour sa 2\u00e8me \u00e9dition. Nous y rencontrerons deux femmes engag\u00e9es, Giovanna Tanzarella et Simone Bitton, pour une M\u00e9diterran\u00e9e ouverte o\u00f9 l&#039;art, les discussions et les id\u00e9es circulent.\" \/>\n<meta name=\"robots\" content=\"index, follow, max-snippet:-1, max-image-preview:large, max-video-preview:-1\" \/>\n<link rel=\"canonical\" href=\"https:\/\/themarkaz.org\/oldsite\/podcast-biennale-des-arts-de-la-scene-en-mediterranee-2023-fr\/\" \/>\n<meta property=\"og:locale\" content=\"en_US\" \/>\n<meta property=\"og:type\" content=\"article\" \/>\n<meta property=\"og:title\" content=\"Podcast Biennale des Arts de la Sc\u00e8ne en M\u00e9diterran\u00e9e 2023 - FR\" \/>\n<meta property=\"og:description\" content=\"Pour ce troisi\u00e8me podcast Radio Tabbouli, TMR vous emm\u00e8ne \u00e0 la Biennale des Arts de la Sc\u00e8ne en M\u00e9diterran\u00e9e (BASM) pour sa 2\u00e8me \u00e9dition. Nous y rencontrerons deux femmes engag\u00e9es, Giovanna Tanzarella et Simone Bitton, pour une M\u00e9diterran\u00e9e ouverte o\u00f9 l&#039;art, les discussions et les id\u00e9es circulent.\" \/>\n<meta property=\"og:url\" content=\"https:\/\/themarkaz.org\/oldsite\/podcast-biennale-des-arts-de-la-scene-en-mediterranee-2023-fr\/\" \/>\n<meta property=\"og:site_name\" content=\"The Markaz Review\" \/>\n<meta property=\"article:modified_time\" content=\"2023-12-08T09:28:35+00:00\" \/>\n<meta property=\"og:image\" content=\"https:\/\/themarkaz.org\/oldsite\/wp-content\/uploads\/2023\/12\/v3-vignette-Basm.png\" \/>\n\t<meta property=\"og:image:width\" content=\"512\" \/>\n\t<meta property=\"og:image:height\" content=\"512\" \/>\n\t<meta property=\"og:image:type\" content=\"image\/png\" \/>\n<meta name=\"twitter:card\" content=\"summary_large_image\" \/>\n<meta name=\"twitter:label1\" content=\"Est. reading time\" \/>\n\t<meta name=\"twitter:data1\" content=\"3 minutes\" \/>\n\t<meta name=\"twitter:label2\" content=\"Written by\" \/>\n\t<meta name=\"twitter:data2\" content=\"Jordan Elgrably\" \/>\n<script type=\"application\/ld+json\" class=\"yoast-schema-graph\">{\"@context\":\"https:\\\/\\\/schema.org\",\"@graph\":[{\"@type\":\"WebPage\",\"@id\":\"https:\\\/\\\/themarkaz.org\\\/oldsite\\\/podcast-biennale-des-arts-de-la-scene-en-mediterranee-2023-fr\\\/\",\"url\":\"https:\\\/\\\/themarkaz.org\\\/oldsite\\\/podcast-biennale-des-arts-de-la-scene-en-mediterranee-2023-fr\\\/\",\"name\":\"Podcast Biennale des Arts de la Sc\u00e8ne en M\u00e9diterran\u00e9e 2023 - FR - The Markaz Review\",\"isPartOf\":{\"@id\":\"https:\\\/\\\/themarkaz.org\\\/oldsite\\\/#website\"},\"primaryImageOfPage\":{\"@id\":\"https:\\\/\\\/themarkaz.org\\\/oldsite\\\/podcast-biennale-des-arts-de-la-scene-en-mediterranee-2023-fr\\\/#primaryimage\"},\"image\":{\"@id\":\"https:\\\/\\\/themarkaz.org\\\/oldsite\\\/podcast-biennale-des-arts-de-la-scene-en-mediterranee-2023-fr\\\/#primaryimage\"},\"thumbnailUrl\":\"https:\\\/\\\/themarkaz.org\\\/oldsite\\\/wp-content\\\/uploads\\\/2023\\\/12\\\/v3-vignette-Basm.png\",\"datePublished\":\"2023-12-07T15:39:36+00:00\",\"dateModified\":\"2023-12-08T09:28:35+00:00\",\"description\":\"Pour ce troisi\u00e8me podcast Radio Tabbouli, TMR vous emm\u00e8ne \u00e0 la Biennale des Arts de la Sc\u00e8ne en M\u00e9diterran\u00e9e (BASM) pour sa 2\u00e8me \u00e9dition. Nous y rencontrerons deux femmes engag\u00e9es, Giovanna Tanzarella et Simone Bitton, pour une M\u00e9diterran\u00e9e ouverte o\u00f9 l'art, les discussions et les id\u00e9es circulent.\",\"breadcrumb\":{\"@id\":\"https:\\\/\\\/themarkaz.org\\\/oldsite\\\/podcast-biennale-des-arts-de-la-scene-en-mediterranee-2023-fr\\\/#breadcrumb\"},\"inLanguage\":\"en-US\",\"potentialAction\":[{\"@type\":\"ReadAction\",\"target\":[\"https:\\\/\\\/themarkaz.org\\\/oldsite\\\/podcast-biennale-des-arts-de-la-scene-en-mediterranee-2023-fr\\\/\"]}]},{\"@type\":\"ImageObject\",\"inLanguage\":\"en-US\",\"@id\":\"https:\\\/\\\/themarkaz.org\\\/oldsite\\\/podcast-biennale-des-arts-de-la-scene-en-mediterranee-2023-fr\\\/#primaryimage\",\"url\":\"https:\\\/\\\/themarkaz.org\\\/oldsite\\\/wp-content\\\/uploads\\\/2023\\\/12\\\/v3-vignette-Basm.png\",\"contentUrl\":\"https:\\\/\\\/themarkaz.org\\\/oldsite\\\/wp-content\\\/uploads\\\/2023\\\/12\\\/v3-vignette-Basm.png\",\"width\":512,\"height\":512},{\"@type\":\"BreadcrumbList\",\"@id\":\"https:\\\/\\\/themarkaz.org\\\/oldsite\\\/podcast-biennale-des-arts-de-la-scene-en-mediterranee-2023-fr\\\/#breadcrumb\",\"itemListElement\":[{\"@type\":\"ListItem\",\"position\":1,\"name\":\"Home\",\"item\":\"https:\\\/\\\/themarkaz.org\\\/oldsite\\\/\"},{\"@type\":\"ListItem\",\"position\":2,\"name\":\"Podcast Biennale des Arts de la Sc\u00e8ne en M\u00e9diterran\u00e9e 2023 &#8211; FR\"}]},{\"@type\":\"WebSite\",\"@id\":\"https:\\\/\\\/themarkaz.org\\\/oldsite\\\/#website\",\"url\":\"https:\\\/\\\/themarkaz.org\\\/oldsite\\\/\",\"name\":\"The Markaz Review\",\"description\":\"Literature and Arts from the Center of the World\",\"publisher\":{\"@id\":\"https:\\\/\\\/themarkaz.org\\\/oldsite\\\/#organization\"},\"potentialAction\":[{\"@type\":\"SearchAction\",\"target\":{\"@type\":\"EntryPoint\",\"urlTemplate\":\"https:\\\/\\\/themarkaz.org\\\/oldsite\\\/?s={search_term_string}\"},\"query-input\":{\"@type\":\"PropertyValueSpecification\",\"valueRequired\":true,\"valueName\":\"search_term_string\"}}],\"inLanguage\":\"en-US\"},{\"@type\":\"Organization\",\"@id\":\"https:\\\/\\\/themarkaz.org\\\/oldsite\\\/#organization\",\"name\":\"The Markaz Review\",\"url\":\"https:\\\/\\\/themarkaz.org\\\/oldsite\\\/\",\"logo\":{\"@type\":\"ImageObject\",\"inLanguage\":\"en-US\",\"@id\":\"https:\\\/\\\/themarkaz.org\\\/oldsite\\\/#\\\/schema\\\/logo\\\/image\\\/\",\"url\":\"https:\\\/\\\/themarkaz.org\\\/oldsite\\\/wp-content\\\/uploads\\\/2023\\\/08\\\/cropped-New-2023-TMR-Logo-500-pix.jpg\",\"contentUrl\":\"https:\\\/\\\/themarkaz.org\\\/oldsite\\\/wp-content\\\/uploads\\\/2023\\\/08\\\/cropped-New-2023-TMR-Logo-500-pix.jpg\",\"width\":473,\"height\":191,\"caption\":\"The Markaz Review\"},\"image\":{\"@id\":\"https:\\\/\\\/themarkaz.org\\\/oldsite\\\/#\\\/schema\\\/logo\\\/image\\\/\"}}]}<\/script>\n<!-- \/ Yoast SEO Premium plugin. -->","yoast_head_json":{"title":"Podcast Biennale des Arts de la Sc\u00e8ne en M\u00e9diterran\u00e9e 2023 - FR - The Markaz Review","description":"Pour ce troisi\u00e8me podcast Radio Tabbouli, TMR vous emm\u00e8ne \u00e0 la Biennale des Arts de la Sc\u00e8ne en M\u00e9diterran\u00e9e (BASM) pour sa 2\u00e8me \u00e9dition. Nous y rencontrerons deux femmes engag\u00e9es, Giovanna Tanzarella et Simone Bitton, pour une M\u00e9diterran\u00e9e ouverte o\u00f9 l'art, les discussions et les id\u00e9es circulent.","robots":{"index":"index","follow":"follow","max-snippet":"max-snippet:-1","max-image-preview":"max-image-preview:large","max-video-preview":"max-video-preview:-1"},"canonical":"https:\/\/themarkaz.org\/oldsite\/podcast-biennale-des-arts-de-la-scene-en-mediterranee-2023-fr\/","og_locale":"en_US","og_type":"article","og_title":"Podcast Biennale des Arts de la Sc\u00e8ne en M\u00e9diterran\u00e9e 2023 - FR","og_description":"Pour ce troisi\u00e8me podcast Radio Tabbouli, TMR vous emm\u00e8ne \u00e0 la Biennale des Arts de la Sc\u00e8ne en M\u00e9diterran\u00e9e (BASM) pour sa 2\u00e8me \u00e9dition. Nous y rencontrerons deux femmes engag\u00e9es, Giovanna Tanzarella et Simone Bitton, pour une M\u00e9diterran\u00e9e ouverte o\u00f9 l'art, les discussions et les id\u00e9es circulent.","og_url":"https:\/\/themarkaz.org\/oldsite\/podcast-biennale-des-arts-de-la-scene-en-mediterranee-2023-fr\/","og_site_name":"The Markaz Review","article_modified_time":"2023-12-08T09:28:35+00:00","og_image":[{"width":512,"height":512,"url":"https:\/\/themarkaz.org\/oldsite\/wp-content\/uploads\/2023\/12\/v3-vignette-Basm.png","type":"image\/png"}],"twitter_card":"summary_large_image","twitter_misc":{"Est. reading time":"3 minutes","Written by":"Jordan Elgrably"},"schema":{"@context":"https:\/\/schema.org","@graph":[{"@type":"WebPage","@id":"https:\/\/themarkaz.org\/oldsite\/podcast-biennale-des-arts-de-la-scene-en-mediterranee-2023-fr\/","url":"https:\/\/themarkaz.org\/oldsite\/podcast-biennale-des-arts-de-la-scene-en-mediterranee-2023-fr\/","name":"Podcast Biennale des Arts de la Sc\u00e8ne en M\u00e9diterran\u00e9e 2023 - FR - The Markaz Review","isPartOf":{"@id":"https:\/\/themarkaz.org\/oldsite\/#website"},"primaryImageOfPage":{"@id":"https:\/\/themarkaz.org\/oldsite\/podcast-biennale-des-arts-de-la-scene-en-mediterranee-2023-fr\/#primaryimage"},"image":{"@id":"https:\/\/themarkaz.org\/oldsite\/podcast-biennale-des-arts-de-la-scene-en-mediterranee-2023-fr\/#primaryimage"},"thumbnailUrl":"https:\/\/themarkaz.org\/oldsite\/wp-content\/uploads\/2023\/12\/v3-vignette-Basm.png","datePublished":"2023-12-07T15:39:36+00:00","dateModified":"2023-12-08T09:28:35+00:00","description":"Pour ce troisi\u00e8me podcast Radio Tabbouli, TMR vous emm\u00e8ne \u00e0 la Biennale des Arts de la Sc\u00e8ne en M\u00e9diterran\u00e9e (BASM) pour sa 2\u00e8me \u00e9dition. Nous y rencontrerons deux femmes engag\u00e9es, Giovanna Tanzarella et Simone Bitton, pour une M\u00e9diterran\u00e9e ouverte o\u00f9 l'art, les discussions et les id\u00e9es circulent.","breadcrumb":{"@id":"https:\/\/themarkaz.org\/oldsite\/podcast-biennale-des-arts-de-la-scene-en-mediterranee-2023-fr\/#breadcrumb"},"inLanguage":"en-US","potentialAction":[{"@type":"ReadAction","target":["https:\/\/themarkaz.org\/oldsite\/podcast-biennale-des-arts-de-la-scene-en-mediterranee-2023-fr\/"]}]},{"@type":"ImageObject","inLanguage":"en-US","@id":"https:\/\/themarkaz.org\/oldsite\/podcast-biennale-des-arts-de-la-scene-en-mediterranee-2023-fr\/#primaryimage","url":"https:\/\/themarkaz.org\/oldsite\/wp-content\/uploads\/2023\/12\/v3-vignette-Basm.png","contentUrl":"https:\/\/themarkaz.org\/oldsite\/wp-content\/uploads\/2023\/12\/v3-vignette-Basm.png","width":512,"height":512},{"@type":"BreadcrumbList","@id":"https:\/\/themarkaz.org\/oldsite\/podcast-biennale-des-arts-de-la-scene-en-mediterranee-2023-fr\/#breadcrumb","itemListElement":[{"@type":"ListItem","position":1,"name":"Home","item":"https:\/\/themarkaz.org\/oldsite\/"},{"@type":"ListItem","position":2,"name":"Podcast Biennale des Arts de la Sc\u00e8ne en M\u00e9diterran\u00e9e 2023 &#8211; FR"}]},{"@type":"WebSite","@id":"https:\/\/themarkaz.org\/oldsite\/#website","url":"https:\/\/themarkaz.org\/oldsite\/","name":"The Markaz Review","description":"Literature and Arts from the Center of the World","publisher":{"@id":"https:\/\/themarkaz.org\/oldsite\/#organization"},"potentialAction":[{"@type":"SearchAction","target":{"@type":"EntryPoint","urlTemplate":"https:\/\/themarkaz.org\/oldsite\/?s={search_term_string}"},"query-input":{"@type":"PropertyValueSpecification","valueRequired":true,"valueName":"search_term_string"}}],"inLanguage":"en-US"},{"@type":"Organization","@id":"https:\/\/themarkaz.org\/oldsite\/#organization","name":"The Markaz Review","url":"https:\/\/themarkaz.org\/oldsite\/","logo":{"@type":"ImageObject","inLanguage":"en-US","@id":"https:\/\/themarkaz.org\/oldsite\/#\/schema\/logo\/image\/","url":"https:\/\/themarkaz.org\/oldsite\/wp-content\/uploads\/2023\/08\/cropped-New-2023-TMR-Logo-500-pix.jpg","contentUrl":"https:\/\/themarkaz.org\/oldsite\/wp-content\/uploads\/2023\/08\/cropped-New-2023-TMR-Logo-500-pix.jpg","width":473,"height":191,"caption":"The Markaz Review"},"image":{"@id":"https:\/\/themarkaz.org\/oldsite\/#\/schema\/logo\/image\/"}}]}},"_links":{"self":[{"href":"https:\/\/themarkaz.org\/oldsite\/wp-json\/wp\/v2\/pages\/30344","targetHints":{"allow":["GET"]}}],"collection":[{"href":"https:\/\/themarkaz.org\/oldsite\/wp-json\/wp\/v2\/pages"}],"about":[{"href":"https:\/\/themarkaz.org\/oldsite\/wp-json\/wp\/v2\/types\/page"}],"author":[{"embeddable":true,"href":"https:\/\/themarkaz.org\/oldsite\/wp-json\/wp\/v2\/users\/331"}],"replies":[{"embeddable":true,"href":"https:\/\/themarkaz.org\/oldsite\/wp-json\/wp\/v2\/comments?post=30344"}],"version-history":[{"count":0,"href":"https:\/\/themarkaz.org\/oldsite\/wp-json\/wp\/v2\/pages\/30344\/revisions"}],"wp:featuredmedia":[{"embeddable":true,"href":"https:\/\/themarkaz.org\/oldsite\/wp-json\/wp\/v2\/media\/30341"}],"wp:attachment":[{"href":"https:\/\/themarkaz.org\/oldsite\/wp-json\/wp\/v2\/media?parent=30344"}],"wp:term":[{"taxonomy":"author","embeddable":true,"href":"https:\/\/themarkaz.org\/oldsite\/wp-json\/wp\/v2\/coauthors?post=30344"}],"curies":[{"name":"wp","href":"https:\/\/api.w.org\/{rel}","templated":true}]}}