{"id":201,"date":"2021-05-06T04:19:13","date_gmt":"2021-05-06T04:19:13","guid":{"rendered":"https:\/\/themarkaz.org\/oldsite\/podcasts\/"},"modified":"2024-11-08T14:24:05","modified_gmt":"2024-11-08T12:24:05","slug":"podcasts-1","status":"publish","type":"page","link":"https:\/\/themarkaz.org\/oldsite\/podcasts-1\/","title":{"rendered":"Podcasts"},"content":{"rendered":"<article id=\"sections\" class=\"sections\" data-page-sections=\"5f5fb4da6163ad734bf784fc\">\n<section class=\"page-section layout-engine-section background-width--full-bleed section-height--small content-width--medium horizontal-alignment--center vertical-alignment--top \" data-test=\"page-section\" data-section-theme=\"\" data-section-id=\"5f744011caa2f07468124a05\" data-controller=\"SectionWrapperController, MagicPaddingController\" data-current-styles=\"{ &quot;imageOverlayOpacity&quot;: 0.15, &quot;backgroundWidth&quot;: &quot;background-width--full-bleed&quot;, &quot;sectionHeight&quot;: &quot;section-height--small&quot;, &quot;horizontalAlignment&quot;: &quot;horizontal-alignment--center&quot;, &quot;verticalAlignment&quot;: &quot;vertical-alignment--top&quot;, &quot;contentWidth&quot;: &quot;content-width--medium&quot;, &quot;sectionTheme&quot;: &quot;&quot;, &quot;sectionAnimation&quot;: &quot;none&quot;, &quot;backgroundMode&quot;: &quot;image&quot; }\" data-animation=\"none\">\n<div class=\"content-wrapper\">\n<div class=\"content\">\n<div id=\"page-section-5f744011caa2f07468124a05\" class=\"sqs-layout sqs-grid-12 columns-12\" data-type=\"page-section\">\n<div class=\"row sqs-row\">\n<div class=\"col sqs-col-10 span-10\">\n<div id=\"block-yui_3_17_2_1_1601454247510_8880\" class=\"sqs-block image-block sqs-block-image sqs-col-4 span-4 float float-right\" data-block-type=\"5\">\n<div class=\"sqs-block-content\">\n<div class=\" image-block-outer-wrapper layout-caption-below design-layout-inline combination-animation-site-default individual-animation-site-default individual-text-animation-site-default \" data-test=\"image-block-inline-outer-wrapper\"><\/div>\n<\/div>\n<\/div>\n<div id=\"block-3385e41b5442b7a24987\" class=\"sqs-block html-block sqs-block-html\" data-block-type=\"2\">\n<div class=\"sqs-block-content\">\n<p><img decoding=\"async\" class=\"alignnone wp-image-29363 size-full\" src=\"https:\/\/themarkaz.org\/oldsite\/wp-content\/uploads\/2023\/11\/Radio-Tabbouli-website-banner.png\" alt=\"\" width=\"1920\" height=\"403\" srcset=\"https:\/\/themarkaz.org\/oldsite\/wp-content\/uploads\/2023\/11\/Radio-Tabbouli-website-banner.png 1920w, https:\/\/themarkaz.org\/oldsite\/wp-content\/uploads\/2023\/11\/Radio-Tabbouli-website-banner-300x63.png 300w, https:\/\/themarkaz.org\/oldsite\/wp-content\/uploads\/2023\/11\/Radio-Tabbouli-website-banner-1024x215.png 1024w, https:\/\/themarkaz.org\/oldsite\/wp-content\/uploads\/2023\/11\/Radio-Tabbouli-website-banner-768x161.png 768w, https:\/\/themarkaz.org\/oldsite\/wp-content\/uploads\/2023\/11\/Radio-Tabbouli-website-banner-1536x322.png 1536w, https:\/\/themarkaz.org\/oldsite\/wp-content\/uploads\/2023\/11\/Radio-Tabbouli-website-banner-1568x329.png 1568w, https:\/\/themarkaz.org\/oldsite\/wp-content\/uploads\/2023\/11\/Radio-Tabbouli-website-banner-1320x277.png 1320w, https:\/\/themarkaz.org\/oldsite\/wp-content\/uploads\/2023\/11\/Radio-Tabbouli-website-banner-600x126.png 600w\" sizes=\"(max-width: 1920px) 100vw, 1920px\" \/><\/p>\n<p>Radio Tabbouli is The Markaz Review&#8217;s podcast for discovering cultural news and meeting artists, writers, filmmakers, actors, academics, musicians and other personalities from the Middle East, North Africa and its diasporas.<\/p>\n<\/div>\n<p><em>Radio Tabbouli c\u2019est le podcast de The Markaz Review pour d\u00e9couvrir l\u2019actualit\u00e9 culturelle et rencontrer des artistes, des \u00e9crivains, des cin\u00e9astes, des acteurs, des universitaires, des musiciens et d&#8217;autres personnalit\u00e9s du Moyen-Orient, de l&#8217;Afrique du Nord et de ses diasporas.<\/em><\/p>\n<\/div>\n<\/div>\n<div class=\"section-background\">\n<p><iframe loading=\"lazy\" src=\"https:\/\/embed.acast.com\/652fa86914bb5f001294bf93?episode-order=desc&#038;feed=true\" frameBorder=\"0\" width=\"100%\" height=\"380px\"><\/iframe><\/p>\n<p class=\"p1\"><span style=\"color: var(--global--color-primary); font-size: var(--global--font-size-base);\">Listen to the podcast on <\/span><a style=\"font-size: var(--global--font-size-base);\" href=\"https:\/\/open.spotify.com\/show\/2ga2ew6mCsWN0BPx2vc478\" target=\"_blank\" rel=\"noopener\">Spotify<\/a><span style=\"color: var(--global--color-primary); font-size: var(--global--font-size-base);\"> or <\/span><a style=\"font-size: var(--global--font-size-base);\" href=\"https:\/\/podcasts.apple.com\/fr\/podcast\/the-markaz-podcast\/id1714809973?l=en-GB\" target=\"_blank\" rel=\"noopener\">Apple Podcasts<\/a><span style=\"color: var(--global--color-primary); font-size: var(--global--font-size-base);\">.<\/span><\/p>\n<\/div>\n<div class=\"content-wrapper\">\n<div class=\"content\">\n<div id=\"page-section-5f743c14b4a0cb25e9d8bfec\" class=\"sqs-layout sqs-grid-12 columns-12\" data-type=\"page-section\">\n<div class=\"row sqs-row\">\n<div class=\"col sqs-col-12 span-12\">\n<div id=\"block-395a5c318e0b2573e7b6\" class=\"sqs-block html-block sqs-block-html\" data-block-type=\"2\">\n<p><em><span style=\"color: var(--global--color-primary); font-size: var(--global--font-size-base);\">Ecoutez le podcast sur <\/span><a style=\"font-size: var(--global--font-size-base);\" href=\"https:\/\/open.spotify.com\/show\/2ga2ew6mCsWN0BPx2vc478\" target=\"_blank\" rel=\"noopener\">Spotify <\/a><span style=\"color: var(--global--color-primary); font-size: var(--global--font-size-base);\">ou <\/span><a style=\"font-size: var(--global--font-size-base);\" href=\"https:\/\/podcasts.apple.com\/fr\/podcast\/the-markaz-podcast\/id1714809973?l=en-GB\" target=\"_blank\" rel=\"noopener\">Apple Podcast<\/a><span style=\"color: var(--global--color-primary); font-size: var(--global--font-size-base);\">.<\/span><\/em><\/p>\n<hr \/>\n<\/div>\n<\/div>\n<\/div>\n<\/div>\n<\/div>\n<\/div>\n<div class=\"col sqs-col-10 span-10\">\n<div id=\"block-3385e41b5442b7a24987\" class=\"sqs-block html-block sqs-block-html\" data-block-type=\"2\">\n<div class=\"sqs-block-content\">\n<p>Click on the podcast of your choice and enjoy listening:<\/p>\n<p><em>Cliquez sur le podcast de votre choix et bonne \u00e9coute :<\/em><\/p>\n<p><a href=\"https:\/\/themarkaz.org\/oldsite\/podcasts\/festival-arabesques-fr\/\" target=\"_blank\" rel=\"noopener\"><img decoding=\"async\" class=\"alignleft wp-image-30408\" src=\"https:\/\/themarkaz.org\/oldsite\/wp-content\/uploads\/2023\/12\/Radio-Tabbouli-Festival-Arabesques-episode-cover-300x300.jpg\" alt=\"\" width=\"190\" height=\"190\" srcset=\"https:\/\/themarkaz.org\/oldsite\/wp-content\/uploads\/2023\/12\/Radio-Tabbouli-Festival-Arabesques-episode-cover-300x300.jpg 300w, https:\/\/themarkaz.org\/oldsite\/wp-content\/uploads\/2023\/12\/Radio-Tabbouli-Festival-Arabesques-episode-cover-1024x1024.jpg 1024w, https:\/\/themarkaz.org\/oldsite\/wp-content\/uploads\/2023\/12\/Radio-Tabbouli-Festival-Arabesques-episode-cover-150x150.jpg 150w, https:\/\/themarkaz.org\/oldsite\/wp-content\/uploads\/2023\/12\/Radio-Tabbouli-Festival-Arabesques-episode-cover-768x768.jpg 768w, https:\/\/themarkaz.org\/oldsite\/wp-content\/uploads\/2023\/12\/Radio-Tabbouli-Festival-Arabesques-episode-cover-1536x1536.jpg 1536w, https:\/\/themarkaz.org\/oldsite\/wp-content\/uploads\/2023\/12\/Radio-Tabbouli-Festival-Arabesques-episode-cover-1568x1568.jpg 1568w, https:\/\/themarkaz.org\/oldsite\/wp-content\/uploads\/2023\/12\/Radio-Tabbouli-Festival-Arabesques-episode-cover-1320x1320.jpg 1320w, https:\/\/themarkaz.org\/oldsite\/wp-content\/uploads\/2023\/12\/Radio-Tabbouli-Festival-Arabesques-episode-cover-450x450.jpg 450w, https:\/\/themarkaz.org\/oldsite\/wp-content\/uploads\/2023\/12\/Radio-Tabbouli-Festival-Arabesques-episode-cover-600x600.jpg 600w, https:\/\/themarkaz.org\/oldsite\/wp-content\/uploads\/2023\/12\/Radio-Tabbouli-Festival-Arabesques-episode-cover-100x100.jpg 100w, https:\/\/themarkaz.org\/oldsite\/wp-content\/uploads\/2023\/12\/Radio-Tabbouli-Festival-Arabesques-episode-cover.jpg 1920w\" sizes=\"(max-width: 190px) 100vw, 190px\" \/><\/a><a href=\"https:\/\/themarkaz.org\/oldsite\/podcast-biennale-des-arts-de-la-scene-en-mediterranee-2023-fr\/\" target=\"_blank\" rel=\"noopener\"><img decoding=\"async\" class=\"alignleft wp-image-30341\" style=\"color: var(--global--color-primary); font-size: var(--global--font-size-base);\" src=\"https:\/\/themarkaz.org\/oldsite\/wp-content\/uploads\/2023\/12\/v3-vignette-Basm.png\" alt=\"\" width=\"190\" height=\"190\" srcset=\"https:\/\/themarkaz.org\/oldsite\/wp-content\/uploads\/2023\/12\/v3-vignette-Basm.png 512w, https:\/\/themarkaz.org\/oldsite\/wp-content\/uploads\/2023\/12\/v3-vignette-Basm-300x300.png 300w, https:\/\/themarkaz.org\/oldsite\/wp-content\/uploads\/2023\/12\/v3-vignette-Basm-150x150.png 150w, https:\/\/themarkaz.org\/oldsite\/wp-content\/uploads\/2023\/12\/v3-vignette-Basm-450x450.png 450w, https:\/\/themarkaz.org\/oldsite\/wp-content\/uploads\/2023\/12\/v3-vignette-Basm-100x100.png 100w\" sizes=\"(max-width: 190px) 100vw, 190px\" \/><\/a><\/p>\n<p><a href=\"https:\/\/themarkaz.org\/oldsite\/podcast-festival-cinemed-fr\/\" target=\"_blank\" rel=\"noopener\"><img decoding=\"async\" class=\"alignleft wp-image-30407\" style=\"margin-right: var(--global--spacing-horizontal);\" src=\"https:\/\/themarkaz.org\/oldsite\/wp-content\/uploads\/2023\/12\/Oct-2023-Festival-CINEMED-1-300x300.jpg\" alt=\"\" width=\"191\" height=\"191\" srcset=\"https:\/\/themarkaz.org\/oldsite\/wp-content\/uploads\/2023\/12\/Oct-2023-Festival-CINEMED-1-300x300.jpg 300w, https:\/\/themarkaz.org\/oldsite\/wp-content\/uploads\/2023\/12\/Oct-2023-Festival-CINEMED-1-1024x1024.jpg 1024w, https:\/\/themarkaz.org\/oldsite\/wp-content\/uploads\/2023\/12\/Oct-2023-Festival-CINEMED-1-150x150.jpg 150w, https:\/\/themarkaz.org\/oldsite\/wp-content\/uploads\/2023\/12\/Oct-2023-Festival-CINEMED-1-768x768.jpg 768w, https:\/\/themarkaz.org\/oldsite\/wp-content\/uploads\/2023\/12\/Oct-2023-Festival-CINEMED-1-450x450.jpg 450w, https:\/\/themarkaz.org\/oldsite\/wp-content\/uploads\/2023\/12\/Oct-2023-Festival-CINEMED-1-600x600.jpg 600w, https:\/\/themarkaz.org\/oldsite\/wp-content\/uploads\/2023\/12\/Oct-2023-Festival-CINEMED-1-100x100.jpg 100w, https:\/\/themarkaz.org\/oldsite\/wp-content\/uploads\/2023\/12\/Oct-2023-Festival-CINEMED-1.jpg 1080w\" sizes=\"(max-width: 191px) 100vw, 191px\" \/><\/a><\/p>\n<\/div>\n<\/div>\n<\/div>\n<\/div>\n<\/div>\n<\/div>\n<\/div>\n<\/section>\n<\/article>\n<p>&nbsp;<\/p>\n<article id=\"sections\" class=\"sections\" data-page-sections=\"5f5fb4da6163ad734bf784fc\">\n<section class=\"page-section layout-engine-section background-width--full-bleed section-height--medium content-width--narrow horizontal-alignment--center vertical-alignment--middle \" data-test=\"page-section\" data-section-theme=\"\" data-section-id=\"5f743c14b4a0cb25e9d8bfec\" data-controller=\"SectionWrapperController, MagicPaddingController\" data-current-styles=\"{ &quot;imageOverlayOpacity&quot;: 0.15, &quot;backgroundWidth&quot;: &quot;background-width--full-bleed&quot;, &quot;sectionHeight&quot;: &quot;section-height--medium&quot;, &quot;horizontalAlignment&quot;: &quot;horizontal-alignment--center&quot;, &quot;verticalAlignment&quot;: &quot;vertical-alignment--middle&quot;, &quot;contentWidth&quot;: &quot;content-width--narrow&quot;, &quot;sectionAnimation&quot;: &quot;none&quot;, &quot;backgroundMode&quot;: &quot;image&quot; }\" data-animation=\"none\">\n<div class=\"content-wrapper\">\n<div class=\"content\">\n<div id=\"page-section-5f743c14b4a0cb25e9d8bfec\" class=\"sqs-layout sqs-grid-12 columns-12\" data-type=\"page-section\">\n<div class=\"row sqs-row\">\n<div class=\"col sqs-col-12 span-12\">\n<div data-block-type=\"2\"><\/div>\n<div data-block-type=\"2\"><\/div>\n<div data-block-type=\"2\"><\/div>\n<div data-block-type=\"2\"><\/div>\n<div data-block-type=\"2\"><\/div>\n<div id=\"block-395a5c318e0b2573e7b6\" class=\"sqs-block html-block sqs-block-html\" data-block-type=\"2\">\n<hr \/>\n<p><a href=\"https:\/\/themarkaz.org\/oldsite\/podcast-whos-who-with-the-editors-at-the-markaz-review-en\/\" target=\"_blank\" rel=\"noopener\"><img decoding=\"async\" class=\"alignnone wp-image-31479\" style=\"margin-right: var(--global--spacing-horizontal);\" src=\"https:\/\/themarkaz.org\/oldsite\/wp-content\/uploads\/2024\/02\/WHOS-WHO-copy.jpg\" alt=\"\" width=\"192\" height=\"192\" srcset=\"https:\/\/themarkaz.org\/oldsite\/wp-content\/uploads\/2024\/02\/WHOS-WHO-copy.jpg 1920w, https:\/\/themarkaz.org\/oldsite\/wp-content\/uploads\/2024\/02\/WHOS-WHO-copy-300x300.jpg 300w, https:\/\/themarkaz.org\/oldsite\/wp-content\/uploads\/2024\/02\/WHOS-WHO-copy-1024x1024.jpg 1024w, https:\/\/themarkaz.org\/oldsite\/wp-content\/uploads\/2024\/02\/WHOS-WHO-copy-150x150.jpg 150w, https:\/\/themarkaz.org\/oldsite\/wp-content\/uploads\/2024\/02\/WHOS-WHO-copy-768x768.jpg 768w, https:\/\/themarkaz.org\/oldsite\/wp-content\/uploads\/2024\/02\/WHOS-WHO-copy-1536x1536.jpg 1536w, https:\/\/themarkaz.org\/oldsite\/wp-content\/uploads\/2024\/02\/WHOS-WHO-copy-1568x1568.jpg 1568w, https:\/\/themarkaz.org\/oldsite\/wp-content\/uploads\/2024\/02\/WHOS-WHO-copy-1320x1320.jpg 1320w, https:\/\/themarkaz.org\/oldsite\/wp-content\/uploads\/2024\/02\/WHOS-WHO-copy-450x450.jpg 450w, https:\/\/themarkaz.org\/oldsite\/wp-content\/uploads\/2024\/02\/WHOS-WHO-copy-600x600.jpg 600w, https:\/\/themarkaz.org\/oldsite\/wp-content\/uploads\/2024\/02\/WHOS-WHO-copy-100x100.jpg 100w\" sizes=\"(max-width: 192px) 100vw, 192px\" \/><\/a><\/p>\n<div class=\"section-background\">\n<hr \/>\n<\/div>\n<div class=\"content-wrapper\">\n<div class=\"content\">\n<div id=\"page-section-5f743c14b4a0cb25e9d8bfec\" class=\"sqs-layout sqs-grid-12 columns-12\" data-type=\"page-section\">\n<div class=\"row sqs-row\">\n<div class=\"col sqs-col-12 span-12\">\n<div id=\"block-395a5c318e0b2573e7b6\" class=\"sqs-block html-block sqs-block-html\" data-block-type=\"2\">\n<p><strong style=\"color: var(--global--color-primary); font-size: var(--global--font-size-base);\">TMR RECOMMENDS:<\/strong><\/p>\n<\/div>\n<\/div>\n<\/div>\n<\/div>\n<\/div>\n<\/div>\n<p>Check out the <a href=\"https:\/\/www.sowt.com\/en\/Bulaq\" target=\"_blank\" rel=\"noopener\">BULAQ<\/a> podcast on books and writing. Check out the <a href=\"https:\/\/soundcloud.com\/VintageArab\" target=\"_blank\" rel=\"noopener\">VINTAGE ARAB<\/a> podcast produced in French out of Paris: <em>Podcasts sur le patrimoine musical arabe et les genres musicaux arabes<\/em>.<\/p>\n<\/div>\n<\/div>\n<\/div>\n<\/div>\n<\/div>\n<\/div>\n<\/section>\n<\/article>\n","protected":false},"excerpt":{"rendered":"<p>Radio Tabbouli is The Markaz Review&#8217;s podcast for discovering cultural news and meeting artists, writers, filmmakers, actors, academics, musicians and other personalities from the Middle East, North Africa and its&hellip; <a class=\"more-link\" href=\"https:\/\/themarkaz.org\/oldsite\/podcasts-1\/\">Continue reading <span class=\"screen-reader-text\">Podcasts<\/span><\/a><\/p>\n","protected":false},"author":13,"featured_media":0,"parent":0,"menu_order":0,"comment_status":"closed","ping_status":"closed","template":"","meta":{"_acf_changed":false,"om_disable_all_campaigns":false,"footnotes":""},"coauthors":[2165],"class_list":["post-201","page","type-page","status-publish","hentry","entry"],"acf":[],"yoast_head":"<!-- This site is optimized with the Yoast SEO Premium plugin v25.8 (Yoast SEO v27.4) - https:\/\/yoast.com\/product\/yoast-seo-premium-wordpress\/ -->\n<title>Podcasts - The Markaz Review<\/title>\n<meta name=\"description\" content=\"Radio Tabbouli is The Markaz Review&#039;s podcast for discovering cultural news and meeting artists, writers, filmmakers, actors, academics, musicians and other personalities from the Middle East, North Africa and its diasporas.\" \/>\n<meta name=\"robots\" content=\"index, follow, max-snippet:-1, max-image-preview:large, max-video-preview:-1\" \/>\n<link rel=\"canonical\" href=\"https:\/\/themarkaz.org\/oldsite\/podcasts-1\/\" \/>\n<meta property=\"og:locale\" content=\"en_US\" \/>\n<meta property=\"og:type\" content=\"article\" \/>\n<meta property=\"og:title\" content=\"Podcasts\" \/>\n<meta property=\"og:description\" content=\"Radio Tabbouli is The Markaz Review&#039;s podcast for discovering cultural news and meeting artists, writers, filmmakers, actors, academics, musicians and other personalities from the Middle East, North Africa and its diasporas.\" \/>\n<meta property=\"og:url\" content=\"https:\/\/themarkaz.org\/oldsite\/podcasts-1\/\" \/>\n<meta property=\"og:site_name\" content=\"The Markaz Review\" \/>\n<meta property=\"article:modified_time\" content=\"2024-11-08T12:24:05+00:00\" \/>\n<meta property=\"og:image\" content=\"https:\/\/themarkaz.org\/oldsite\/wp-content\/uploads\/2023\/11\/Radio-Tabbouli-website-banner.png\" \/>\n\t<meta property=\"og:image:width\" content=\"1920\" \/>\n\t<meta property=\"og:image:height\" content=\"403\" \/>\n\t<meta property=\"og:image:type\" content=\"image\/png\" \/>\n<meta name=\"twitter:card\" content=\"summary_large_image\" \/>\n<meta name=\"twitter:label1\" content=\"Est. reading time\" \/>\n\t<meta name=\"twitter:data1\" content=\"2 minutes\" \/>\n\t<meta name=\"twitter:label2\" content=\"Written by\" \/>\n\t<meta name=\"twitter:data2\" content=\"TMR\" \/>\n<script type=\"application\/ld+json\" class=\"yoast-schema-graph\">{\"@context\":\"https:\\\/\\\/schema.org\",\"@graph\":[{\"@type\":\"WebPage\",\"@id\":\"https:\\\/\\\/themarkaz.org\\\/oldsite\\\/podcasts-1\\\/\",\"url\":\"https:\\\/\\\/themarkaz.org\\\/oldsite\\\/podcasts-1\\\/\",\"name\":\"Podcasts - The Markaz Review\",\"isPartOf\":{\"@id\":\"https:\\\/\\\/themarkaz.org\\\/oldsite\\\/#website\"},\"primaryImageOfPage\":{\"@id\":\"https:\\\/\\\/themarkaz.org\\\/oldsite\\\/podcasts-1\\\/#primaryimage\"},\"image\":{\"@id\":\"https:\\\/\\\/themarkaz.org\\\/oldsite\\\/podcasts-1\\\/#primaryimage\"},\"thumbnailUrl\":\"https:\\\/\\\/themarkaz.org\\\/oldsite\\\/wp-content\\\/uploads\\\/2023\\\/11\\\/Radio-Tabbouli-website-banner.png\",\"datePublished\":\"2021-05-06T04:19:13+00:00\",\"dateModified\":\"2024-11-08T12:24:05+00:00\",\"description\":\"Radio Tabbouli is The Markaz Review's podcast for discovering cultural news and meeting artists, writers, filmmakers, actors, academics, musicians and other personalities from the Middle East, North Africa and its diasporas.\",\"breadcrumb\":{\"@id\":\"https:\\\/\\\/themarkaz.org\\\/oldsite\\\/podcasts-1\\\/#breadcrumb\"},\"inLanguage\":\"en-US\",\"potentialAction\":[{\"@type\":\"ReadAction\",\"target\":[\"https:\\\/\\\/themarkaz.org\\\/oldsite\\\/podcasts-1\\\/\"]}]},{\"@type\":\"ImageObject\",\"inLanguage\":\"en-US\",\"@id\":\"https:\\\/\\\/themarkaz.org\\\/oldsite\\\/podcasts-1\\\/#primaryimage\",\"url\":\"https:\\\/\\\/themarkaz.org\\\/oldsite\\\/wp-content\\\/uploads\\\/2023\\\/11\\\/Radio-Tabbouli-website-banner.png\",\"contentUrl\":\"https:\\\/\\\/themarkaz.org\\\/oldsite\\\/wp-content\\\/uploads\\\/2023\\\/11\\\/Radio-Tabbouli-website-banner.png\",\"width\":1920,\"height\":403},{\"@type\":\"BreadcrumbList\",\"@id\":\"https:\\\/\\\/themarkaz.org\\\/oldsite\\\/podcasts-1\\\/#breadcrumb\",\"itemListElement\":[{\"@type\":\"ListItem\",\"position\":1,\"name\":\"Home\",\"item\":\"https:\\\/\\\/themarkaz.org\\\/oldsite\\\/\"},{\"@type\":\"ListItem\",\"position\":2,\"name\":\"Podcasts\"}]},{\"@type\":\"WebSite\",\"@id\":\"https:\\\/\\\/themarkaz.org\\\/oldsite\\\/#website\",\"url\":\"https:\\\/\\\/themarkaz.org\\\/oldsite\\\/\",\"name\":\"The Markaz Review\",\"description\":\"Literature and Arts from the Center of the World\",\"publisher\":{\"@id\":\"https:\\\/\\\/themarkaz.org\\\/oldsite\\\/#organization\"},\"potentialAction\":[{\"@type\":\"SearchAction\",\"target\":{\"@type\":\"EntryPoint\",\"urlTemplate\":\"https:\\\/\\\/themarkaz.org\\\/oldsite\\\/?s={search_term_string}\"},\"query-input\":{\"@type\":\"PropertyValueSpecification\",\"valueRequired\":true,\"valueName\":\"search_term_string\"}}],\"inLanguage\":\"en-US\"},{\"@type\":\"Organization\",\"@id\":\"https:\\\/\\\/themarkaz.org\\\/oldsite\\\/#organization\",\"name\":\"The Markaz Review\",\"url\":\"https:\\\/\\\/themarkaz.org\\\/oldsite\\\/\",\"logo\":{\"@type\":\"ImageObject\",\"inLanguage\":\"en-US\",\"@id\":\"https:\\\/\\\/themarkaz.org\\\/oldsite\\\/#\\\/schema\\\/logo\\\/image\\\/\",\"url\":\"https:\\\/\\\/themarkaz.org\\\/oldsite\\\/wp-content\\\/uploads\\\/2023\\\/08\\\/cropped-New-2023-TMR-Logo-500-pix.jpg\",\"contentUrl\":\"https:\\\/\\\/themarkaz.org\\\/oldsite\\\/wp-content\\\/uploads\\\/2023\\\/08\\\/cropped-New-2023-TMR-Logo-500-pix.jpg\",\"width\":473,\"height\":191,\"caption\":\"The Markaz Review\"},\"image\":{\"@id\":\"https:\\\/\\\/themarkaz.org\\\/oldsite\\\/#\\\/schema\\\/logo\\\/image\\\/\"}}]}<\/script>\n<!-- \/ Yoast SEO Premium plugin. -->","yoast_head_json":{"title":"Podcasts - The Markaz Review","description":"Radio Tabbouli is The Markaz Review's podcast for discovering cultural news and meeting artists, writers, filmmakers, actors, academics, musicians and other personalities from the Middle East, North Africa and its diasporas.","robots":{"index":"index","follow":"follow","max-snippet":"max-snippet:-1","max-image-preview":"max-image-preview:large","max-video-preview":"max-video-preview:-1"},"canonical":"https:\/\/themarkaz.org\/oldsite\/podcasts-1\/","og_locale":"en_US","og_type":"article","og_title":"Podcasts","og_description":"Radio Tabbouli is The Markaz Review's podcast for discovering cultural news and meeting artists, writers, filmmakers, actors, academics, musicians and other personalities from the Middle East, North Africa and its diasporas.","og_url":"https:\/\/themarkaz.org\/oldsite\/podcasts-1\/","og_site_name":"The Markaz Review","article_modified_time":"2024-11-08T12:24:05+00:00","og_image":[{"width":1920,"height":403,"url":"https:\/\/themarkaz.org\/oldsite\/wp-content\/uploads\/2023\/11\/Radio-Tabbouli-website-banner.png","type":"image\/png"}],"twitter_card":"summary_large_image","twitter_misc":{"Est. reading time":"2 minutes","Written by":"TMR"},"schema":{"@context":"https:\/\/schema.org","@graph":[{"@type":"WebPage","@id":"https:\/\/themarkaz.org\/oldsite\/podcasts-1\/","url":"https:\/\/themarkaz.org\/oldsite\/podcasts-1\/","name":"Podcasts - The Markaz Review","isPartOf":{"@id":"https:\/\/themarkaz.org\/oldsite\/#website"},"primaryImageOfPage":{"@id":"https:\/\/themarkaz.org\/oldsite\/podcasts-1\/#primaryimage"},"image":{"@id":"https:\/\/themarkaz.org\/oldsite\/podcasts-1\/#primaryimage"},"thumbnailUrl":"https:\/\/themarkaz.org\/oldsite\/wp-content\/uploads\/2023\/11\/Radio-Tabbouli-website-banner.png","datePublished":"2021-05-06T04:19:13+00:00","dateModified":"2024-11-08T12:24:05+00:00","description":"Radio Tabbouli is The Markaz Review's podcast for discovering cultural news and meeting artists, writers, filmmakers, actors, academics, musicians and other personalities from the Middle East, North Africa and its diasporas.","breadcrumb":{"@id":"https:\/\/themarkaz.org\/oldsite\/podcasts-1\/#breadcrumb"},"inLanguage":"en-US","potentialAction":[{"@type":"ReadAction","target":["https:\/\/themarkaz.org\/oldsite\/podcasts-1\/"]}]},{"@type":"ImageObject","inLanguage":"en-US","@id":"https:\/\/themarkaz.org\/oldsite\/podcasts-1\/#primaryimage","url":"https:\/\/themarkaz.org\/oldsite\/wp-content\/uploads\/2023\/11\/Radio-Tabbouli-website-banner.png","contentUrl":"https:\/\/themarkaz.org\/oldsite\/wp-content\/uploads\/2023\/11\/Radio-Tabbouli-website-banner.png","width":1920,"height":403},{"@type":"BreadcrumbList","@id":"https:\/\/themarkaz.org\/oldsite\/podcasts-1\/#breadcrumb","itemListElement":[{"@type":"ListItem","position":1,"name":"Home","item":"https:\/\/themarkaz.org\/oldsite\/"},{"@type":"ListItem","position":2,"name":"Podcasts"}]},{"@type":"WebSite","@id":"https:\/\/themarkaz.org\/oldsite\/#website","url":"https:\/\/themarkaz.org\/oldsite\/","name":"The Markaz Review","description":"Literature and Arts from the Center of the World","publisher":{"@id":"https:\/\/themarkaz.org\/oldsite\/#organization"},"potentialAction":[{"@type":"SearchAction","target":{"@type":"EntryPoint","urlTemplate":"https:\/\/themarkaz.org\/oldsite\/?s={search_term_string}"},"query-input":{"@type":"PropertyValueSpecification","valueRequired":true,"valueName":"search_term_string"}}],"inLanguage":"en-US"},{"@type":"Organization","@id":"https:\/\/themarkaz.org\/oldsite\/#organization","name":"The Markaz Review","url":"https:\/\/themarkaz.org\/oldsite\/","logo":{"@type":"ImageObject","inLanguage":"en-US","@id":"https:\/\/themarkaz.org\/oldsite\/#\/schema\/logo\/image\/","url":"https:\/\/themarkaz.org\/oldsite\/wp-content\/uploads\/2023\/08\/cropped-New-2023-TMR-Logo-500-pix.jpg","contentUrl":"https:\/\/themarkaz.org\/oldsite\/wp-content\/uploads\/2023\/08\/cropped-New-2023-TMR-Logo-500-pix.jpg","width":473,"height":191,"caption":"The Markaz Review"},"image":{"@id":"https:\/\/themarkaz.org\/oldsite\/#\/schema\/logo\/image\/"}}]}},"_links":{"self":[{"href":"https:\/\/themarkaz.org\/oldsite\/wp-json\/wp\/v2\/pages\/201","targetHints":{"allow":["GET"]}}],"collection":[{"href":"https:\/\/themarkaz.org\/oldsite\/wp-json\/wp\/v2\/pages"}],"about":[{"href":"https:\/\/themarkaz.org\/oldsite\/wp-json\/wp\/v2\/types\/page"}],"author":[{"embeddable":true,"href":"https:\/\/themarkaz.org\/oldsite\/wp-json\/wp\/v2\/users\/13"}],"replies":[{"embeddable":true,"href":"https:\/\/themarkaz.org\/oldsite\/wp-json\/wp\/v2\/comments?post=201"}],"version-history":[{"count":2,"href":"https:\/\/themarkaz.org\/oldsite\/wp-json\/wp\/v2\/pages\/201\/revisions"}],"predecessor-version":[{"id":34745,"href":"https:\/\/themarkaz.org\/oldsite\/wp-json\/wp\/v2\/pages\/201\/revisions\/34745"}],"wp:attachment":[{"href":"https:\/\/themarkaz.org\/oldsite\/wp-json\/wp\/v2\/media?parent=201"}],"wp:term":[{"taxonomy":"author","embeddable":true,"href":"https:\/\/themarkaz.org\/oldsite\/wp-json\/wp\/v2\/coauthors?post=201"}],"curies":[{"name":"wp","href":"https:\/\/api.w.org\/{rel}","templated":true}]}}